{"id":1361,"date":"2022-08-29T16:04:02","date_gmt":"2022-08-29T14:04:02","guid":{"rendered":"https:\/\/www.fontenelles.com\/mentions-legales\/"},"modified":"2022-10-07T17:45:43","modified_gmt":"2022-10-07T15:45:43","slug":"legal-notice","status":"publish","type":"page","link":"https:\/\/www.fontenelles.com\/en\/legal-notice\/","title":{"rendered":"Legal Notice"},"content":{"rendered":"\t\t<div data-elementor-type=\"wp-page\" data-elementor-id=\"1361\" class=\"elementor elementor-1361\">\n\t\t\t\t\t\t<section class=\"elementor-section elementor-top-section elementor-element elementor-element-c00eb3f elementor-section-stretched elementor-section-boxed elementor-section-height-default elementor-section-height-default\" data-id=\"c00eb3f\" data-element_type=\"section\" data-e-type=\"section\" data-settings=\"{&quot;background_background&quot;:&quot;classic&quot;,&quot;jet_parallax_layout_list&quot;:[],&quot;stretch_section&quot;:&quot;section-stretched&quot;}\">\n\t\t\t\t\t\t<div class=\"elementor-container elementor-column-gap-default\">\n\t\t\t\t\t<div class=\"elementor-column elementor-col-100 elementor-top-column elementor-element elementor-element-63f0432\" data-id=\"63f0432\" data-element_type=\"column\" data-e-type=\"column\">\n\t\t\t<div class=\"elementor-widget-wrap elementor-element-populated\">\n\t\t\t\t\t\t<div class=\"elementor-element elementor-element-c4a1eec elementor-widget elementor-widget-spacer\" data-id=\"c4a1eec\" data-element_type=\"widget\" data-e-type=\"widget\" data-widget_type=\"spacer.default\">\n\t\t\t\t<div class=\"elementor-widget-container\">\n\t\t\t\t\t\t\t<div class=\"elementor-spacer\">\n\t\t\t<div class=\"elementor-spacer-inner\"><\/div>\n\t\t<\/div>\n\t\t\t\t\t\t<\/div>\n\t\t\t\t<\/div>\n\t\t\t\t<div class=\"elementor-element elementor-element-6627578 animated-slow elementor-invisible elementor-widget elementor-widget-heading\" data-id=\"6627578\" data-element_type=\"widget\" data-e-type=\"widget\" data-settings=\"{&quot;_animation&quot;:&quot;fadeIn&quot;}\" data-widget_type=\"heading.default\">\n\t\t\t\t<div class=\"elementor-widget-container\">\n\t\t\t\t\t<h2 class=\"elementor-heading-title elementor-size-default\">Legal notice<\/h2>\t\t\t\t<\/div>\n\t\t\t\t<\/div>\n\t\t\t\t<div class=\"elementor-element elementor-element-019c214 elementor-widget elementor-widget-spacer\" data-id=\"019c214\" data-element_type=\"widget\" data-e-type=\"widget\" data-widget_type=\"spacer.default\">\n\t\t\t\t<div class=\"elementor-widget-container\">\n\t\t\t\t\t\t\t<div class=\"elementor-spacer\">\n\t\t\t<div class=\"elementor-spacer-inner\"><\/div>\n\t\t<\/div>\n\t\t\t\t\t\t<\/div>\n\t\t\t\t<\/div>\n\t\t\t\t\t<\/div>\n\t\t<\/div>\n\t\t\t\t\t<\/div>\n\t\t<\/section>\n\t\t\t\t<section class=\"elementor-section elementor-top-section elementor-element elementor-element-7c620afd elementor-section-boxed elementor-section-height-default elementor-section-height-default\" data-id=\"7c620afd\" data-element_type=\"section\" data-e-type=\"section\" data-settings=\"{&quot;jet_parallax_layout_list&quot;:[]}\">\n\t\t\t\t\t\t<div class=\"elementor-container elementor-column-gap-default\">\n\t\t\t\t\t<div class=\"elementor-column elementor-col-100 elementor-top-column elementor-element elementor-element-56642e47\" data-id=\"56642e47\" data-element_type=\"column\" data-e-type=\"column\">\n\t\t\t<div class=\"elementor-widget-wrap elementor-element-populated\">\n\t\t\t\t\t\t<div class=\"elementor-element elementor-element-290e0988 elementor-widget elementor-widget-text-editor\" data-id=\"290e0988\" data-element_type=\"widget\" data-e-type=\"widget\" data-widget_type=\"text-editor.default\">\n\t\t\t\t<div class=\"elementor-widget-container\">\n\t\t\t\t\t\t\t\t\t<p><\/p>\n<h3 class=\"wp-block-heading\">Editor<\/h3>\n<p><\/p>\n<p>TASTU Thierry<br>Domaine de Fontenelles<br>78 avenue des Corbi\u00e8res<br>11700 Douzens FRANCE<br>Phone number: 04 68 79 82 89<br>SIRET Number:&nbsp; 84401216100015<br>APE : 4725Z<\/p>\n<p><\/p>\n<h3 class=\"wp-block-heading\">Website realization<\/h3>\n<p><\/p>\n<p>R\u00e9sonance communication SARL<br>Phone number : 04 68 76 00 31<\/p>\n<p><\/p>\n<h3 class=\"wp-block-heading\">Hosting<\/h3>\n<p><\/p>\n<p>OVH sarl<br>140 Quai du Sartel<br>59100 ROUBAIX<\/p>\n<p><\/p>\t\t\t\t\t\t\t\t<\/div>\n\t\t\t\t<\/div>\n\t\t\t\t\t<\/div>\n\t\t<\/div>\n\t\t\t\t\t<\/div>\n\t\t<\/section>\n\t\t\t\t<\/div>\n\t\t","protected":false},"excerpt":{"rendered":"<p>Legal notice Editor TASTU ThierryDomaine de Fontenelles78 avenue des Corbi\u00e8res11700 Douzens FRANCEPhone number: 04 68 79 82 89SIRET Number:&nbsp; 84401216100015APE : 4725Z Website realization R\u00e9sonance communication SARLPhone number : 04 68 76 00 31 Hosting OVH sarl140 Quai du Sartel59100 ROUBAIX<\/p>\n","protected":false},"author":1,"featured_media":0,"parent":0,"menu_order":0,"comment_status":"closed","ping_status":"closed","template":"","meta":{"_acf_changed":false,"footnotes":""},"class_list":["post-1361","page","type-page","status-publish","hentry"],"acf":[],"yoast_head":"<!-- This site is optimized with the Yoast SEO plugin v27.4 - https:\/\/yoast.com\/product\/yoast-seo-wordpress\/ -->\n<title>Legal Notice - Ch\u00e2teau de Fontenelles<\/title>\n<meta name=\"robots\" content=\"index, follow, max-snippet:-1, max-image-preview:large, max-video-preview:-1\" \/>\n<link rel=\"canonical\" href=\"https:\/\/www.fontenelles.com\/en\/legal-notice\/\" \/>\n<meta property=\"og:locale\" content=\"en_US\" \/>\n<meta property=\"og:type\" content=\"article\" \/>\n<meta property=\"og:title\" content=\"Legal Notice - Ch\u00e2teau de Fontenelles\" \/>\n<meta property=\"og:description\" content=\"Legal notice Editor TASTU ThierryDomaine de Fontenelles78 avenue des Corbi\u00e8res11700 Douzens FRANCEPhone number: 04 68 79 82 89SIRET Number:&nbsp; 84401216100015APE : 4725Z Website realization R\u00e9sonance communication SARLPhone number : 04 68 76 00 31 Hosting OVH sarl140 Quai du Sartel59100 ROUBAIX\" \/>\n<meta property=\"og:url\" content=\"https:\/\/www.fontenelles.com\/en\/legal-notice\/\" \/>\n<meta property=\"og:site_name\" content=\"Ch\u00e2teau de Fontenelles\" \/>\n<meta property=\"article:modified_time\" content=\"2022-10-07T15:45:43+00:00\" \/>\n<meta name=\"twitter:card\" content=\"summary_large_image\" \/>\n<script type=\"application\/ld+json\" class=\"yoast-schema-graph\">{\"@context\":\"https:\\\/\\\/schema.org\",\"@graph\":[{\"@type\":\"WebPage\",\"@id\":\"https:\\\/\\\/www.fontenelles.com\\\/en\\\/legal-notice\\\/\",\"url\":\"https:\\\/\\\/www.fontenelles.com\\\/en\\\/legal-notice\\\/\",\"name\":\"Legal Notice - Ch\u00e2teau de Fontenelles\",\"isPartOf\":{\"@id\":\"https:\\\/\\\/www.fontenelles.com\\\/#website\"},\"datePublished\":\"2022-08-29T14:04:02+00:00\",\"dateModified\":\"2022-10-07T15:45:43+00:00\",\"breadcrumb\":{\"@id\":\"https:\\\/\\\/www.fontenelles.com\\\/en\\\/legal-notice\\\/#breadcrumb\"},\"inLanguage\":\"en-US\",\"potentialAction\":[{\"@type\":\"ReadAction\",\"target\":[\"https:\\\/\\\/www.fontenelles.com\\\/en\\\/legal-notice\\\/\"]}]},{\"@type\":\"BreadcrumbList\",\"@id\":\"https:\\\/\\\/www.fontenelles.com\\\/en\\\/legal-notice\\\/#breadcrumb\",\"itemListElement\":[{\"@type\":\"ListItem\",\"position\":1,\"name\":\"Accueil\",\"item\":\"https:\\\/\\\/www.fontenelles.com\\\/en\\\/\"},{\"@type\":\"ListItem\",\"position\":2,\"name\":\"Legal Notice\"}]},{\"@type\":\"WebSite\",\"@id\":\"https:\\\/\\\/www.fontenelles.com\\\/#website\",\"url\":\"https:\\\/\\\/www.fontenelles.com\\\/\",\"name\":\"Ch\u00e2teau de Fontenelles\",\"description\":\"Une terre d\u2019histoire pour de grands vins\",\"publisher\":{\"@id\":\"https:\\\/\\\/www.fontenelles.com\\\/#organization\"},\"potentialAction\":[{\"@type\":\"SearchAction\",\"target\":{\"@type\":\"EntryPoint\",\"urlTemplate\":\"https:\\\/\\\/www.fontenelles.com\\\/?s={search_term_string}\"},\"query-input\":{\"@type\":\"PropertyValueSpecification\",\"valueRequired\":true,\"valueName\":\"search_term_string\"}}],\"inLanguage\":\"en-US\"},{\"@type\":\"Organization\",\"@id\":\"https:\\\/\\\/www.fontenelles.com\\\/#organization\",\"name\":\"Ch\u00e2teau de Fontenelles\",\"url\":\"https:\\\/\\\/www.fontenelles.com\\\/\",\"logo\":{\"@type\":\"ImageObject\",\"inLanguage\":\"en-US\",\"@id\":\"https:\\\/\\\/www.fontenelles.com\\\/#\\\/schema\\\/logo\\\/image\\\/\",\"url\":\"https:\\\/\\\/fontenelles.resonancecommunication.com\\\/wp-content\\\/uploads\\\/2022\\\/08\\\/logo-chateau-fontenelle-noir.svg\",\"contentUrl\":\"https:\\\/\\\/fontenelles.resonancecommunication.com\\\/wp-content\\\/uploads\\\/2022\\\/08\\\/logo-chateau-fontenelle-noir.svg\",\"width\":112.944,\"height\":104.21,\"caption\":\"Ch\u00e2teau de Fontenelles\"},\"image\":{\"@id\":\"https:\\\/\\\/www.fontenelles.com\\\/#\\\/schema\\\/logo\\\/image\\\/\"}}]}<\/script>\n<!-- \/ Yoast SEO plugin. -->","yoast_head_json":{"title":"Legal Notice - Ch\u00e2teau de Fontenelles","robots":{"index":"index","follow":"follow","max-snippet":"max-snippet:-1","max-image-preview":"max-image-preview:large","max-video-preview":"max-video-preview:-1"},"canonical":"https:\/\/www.fontenelles.com\/en\/legal-notice\/","og_locale":"en_US","og_type":"article","og_title":"Legal Notice - Ch\u00e2teau de Fontenelles","og_description":"Legal notice Editor TASTU ThierryDomaine de Fontenelles78 avenue des Corbi\u00e8res11700 Douzens FRANCEPhone number: 04 68 79 82 89SIRET Number:&nbsp; 84401216100015APE : 4725Z Website realization R\u00e9sonance communication SARLPhone number : 04 68 76 00 31 Hosting OVH sarl140 Quai du Sartel59100 ROUBAIX","og_url":"https:\/\/www.fontenelles.com\/en\/legal-notice\/","og_site_name":"Ch\u00e2teau de Fontenelles","article_modified_time":"2022-10-07T15:45:43+00:00","twitter_card":"summary_large_image","schema":{"@context":"https:\/\/schema.org","@graph":[{"@type":"WebPage","@id":"https:\/\/www.fontenelles.com\/en\/legal-notice\/","url":"https:\/\/www.fontenelles.com\/en\/legal-notice\/","name":"Legal Notice - Ch\u00e2teau de Fontenelles","isPartOf":{"@id":"https:\/\/www.fontenelles.com\/#website"},"datePublished":"2022-08-29T14:04:02+00:00","dateModified":"2022-10-07T15:45:43+00:00","breadcrumb":{"@id":"https:\/\/www.fontenelles.com\/en\/legal-notice\/#breadcrumb"},"inLanguage":"en-US","potentialAction":[{"@type":"ReadAction","target":["https:\/\/www.fontenelles.com\/en\/legal-notice\/"]}]},{"@type":"BreadcrumbList","@id":"https:\/\/www.fontenelles.com\/en\/legal-notice\/#breadcrumb","itemListElement":[{"@type":"ListItem","position":1,"name":"Accueil","item":"https:\/\/www.fontenelles.com\/en\/"},{"@type":"ListItem","position":2,"name":"Legal Notice"}]},{"@type":"WebSite","@id":"https:\/\/www.fontenelles.com\/#website","url":"https:\/\/www.fontenelles.com\/","name":"Ch\u00e2teau de Fontenelles","description":"Une terre d\u2019histoire pour de grands vins","publisher":{"@id":"https:\/\/www.fontenelles.com\/#organization"},"potentialAction":[{"@type":"SearchAction","target":{"@type":"EntryPoint","urlTemplate":"https:\/\/www.fontenelles.com\/?s={search_term_string}"},"query-input":{"@type":"PropertyValueSpecification","valueRequired":true,"valueName":"search_term_string"}}],"inLanguage":"en-US"},{"@type":"Organization","@id":"https:\/\/www.fontenelles.com\/#organization","name":"Ch\u00e2teau de Fontenelles","url":"https:\/\/www.fontenelles.com\/","logo":{"@type":"ImageObject","inLanguage":"en-US","@id":"https:\/\/www.fontenelles.com\/#\/schema\/logo\/image\/","url":"https:\/\/fontenelles.resonancecommunication.com\/wp-content\/uploads\/2022\/08\/logo-chateau-fontenelle-noir.svg","contentUrl":"https:\/\/fontenelles.resonancecommunication.com\/wp-content\/uploads\/2022\/08\/logo-chateau-fontenelle-noir.svg","width":112.944,"height":104.21,"caption":"Ch\u00e2teau de Fontenelles"},"image":{"@id":"https:\/\/www.fontenelles.com\/#\/schema\/logo\/image\/"}}]}},"_links":{"self":[{"href":"https:\/\/www.fontenelles.com\/en\/wp-json\/wp\/v2\/pages\/1361","targetHints":{"allow":["GET"]}}],"collection":[{"href":"https:\/\/www.fontenelles.com\/en\/wp-json\/wp\/v2\/pages"}],"about":[{"href":"https:\/\/www.fontenelles.com\/en\/wp-json\/wp\/v2\/types\/page"}],"author":[{"embeddable":true,"href":"https:\/\/www.fontenelles.com\/en\/wp-json\/wp\/v2\/users\/1"}],"replies":[{"embeddable":true,"href":"https:\/\/www.fontenelles.com\/en\/wp-json\/wp\/v2\/comments?post=1361"}],"version-history":[{"count":0,"href":"https:\/\/www.fontenelles.com\/en\/wp-json\/wp\/v2\/pages\/1361\/revisions"}],"wp:attachment":[{"href":"https:\/\/www.fontenelles.com\/en\/wp-json\/wp\/v2\/media?parent=1361"}],"curies":[{"name":"wp","href":"https:\/\/api.w.org\/{rel}","templated":true}]}}