{"id":1370,"date":"2022-08-25T17:54:16","date_gmt":"2022-08-25T15:54:16","guid":{"rendered":"https:\/\/www.fontenelles.com\/vins\/"},"modified":"2023-04-06T11:08:20","modified_gmt":"2023-04-06T09:08:20","slug":"our-wines","status":"publish","type":"page","link":"https:\/\/www.fontenelles.com\/en\/our-wines\/","title":{"rendered":"Our wines"},"content":{"rendered":"\t\t<div data-elementor-type=\"wp-page\" data-elementor-id=\"1370\" class=\"elementor elementor-1370\">\n\t\t\t\t\t\t<section class=\"elementor-section elementor-top-section elementor-element elementor-element-d79f3a4 elementor-section-boxed elementor-section-height-default elementor-section-height-default\" data-id=\"d79f3a4\" data-element_type=\"section\" data-e-type=\"section\" data-settings=\"{&quot;background_background&quot;:&quot;classic&quot;,&quot;jet_parallax_layout_list&quot;:[]}\">\n\t\t\t\t\t\t<div class=\"elementor-container elementor-column-gap-default\">\n\t\t\t\t\t<div class=\"elementor-column elementor-col-100 elementor-top-column elementor-element elementor-element-3c05ac0\" data-id=\"3c05ac0\" data-element_type=\"column\" data-e-type=\"column\">\n\t\t\t<div class=\"elementor-widget-wrap elementor-element-populated\">\n\t\t\t\t\t\t<div class=\"elementor-element elementor-element-45f8cb5 elementor-widget elementor-widget-spacer\" data-id=\"45f8cb5\" data-element_type=\"widget\" data-e-type=\"widget\" data-widget_type=\"spacer.default\">\n\t\t\t\t<div class=\"elementor-widget-container\">\n\t\t\t\t\t\t\t<div class=\"elementor-spacer\">\n\t\t\t<div class=\"elementor-spacer-inner\"><\/div>\n\t\t<\/div>\n\t\t\t\t\t\t<\/div>\n\t\t\t\t<\/div>\n\t\t\t\t<div class=\"elementor-element elementor-element-898507e animated-slow elementor-invisible elementor-widget elementor-widget-heading\" data-id=\"898507e\" data-element_type=\"widget\" data-e-type=\"widget\" data-settings=\"{&quot;_animation&quot;:&quot;fadeIn&quot;}\" data-widget_type=\"heading.default\">\n\t\t\t\t<div class=\"elementor-widget-container\">\n\t\t\t\t\t<h2 class=\"elementor-heading-title elementor-size-default\">The WINES<\/h2>\t\t\t\t<\/div>\n\t\t\t\t<\/div>\n\t\t\t\t<div class=\"elementor-element elementor-element-b10456f elementor-widget elementor-widget-spacer\" data-id=\"b10456f\" data-element_type=\"widget\" data-e-type=\"widget\" data-widget_type=\"spacer.default\">\n\t\t\t\t<div class=\"elementor-widget-container\">\n\t\t\t\t\t\t\t<div class=\"elementor-spacer\">\n\t\t\t<div class=\"elementor-spacer-inner\"><\/div>\n\t\t<\/div>\n\t\t\t\t\t\t<\/div>\n\t\t\t\t<\/div>\n\t\t\t\t\t<\/div>\n\t\t<\/div>\n\t\t\t\t\t<\/div>\n\t\t<\/section>\n\t\t\t\t<section class=\"elementor-section elementor-top-section elementor-element elementor-element-2f5f172 elementor-section-boxed elementor-section-height-default elementor-section-height-default\" data-id=\"2f5f172\" data-element_type=\"section\" data-e-type=\"section\" data-settings=\"{&quot;jet_parallax_layout_list&quot;:[]}\">\n\t\t\t\t\t\t<div class=\"elementor-container elementor-column-gap-default\">\n\t\t\t\t\t<div class=\"elementor-column elementor-col-100 elementor-top-column elementor-element elementor-element-8a7f3da\" data-id=\"8a7f3da\" data-element_type=\"column\" data-e-type=\"column\">\n\t\t\t<div class=\"elementor-widget-wrap elementor-element-populated\">\n\t\t\t\t\t\t<div class=\"elementor-element elementor-element-5aa9308 productschange elementor-widget elementor-widget-jet-woo-products\" data-id=\"5aa9308\" data-element_type=\"widget\" data-e-type=\"widget\" data-settings=\"{&quot;columns&quot;:&quot;3&quot;}\" data-widget_type=\"jet-woo-products.default\">\n\t\t\t\t<div class=\"elementor-widget-container\">\n\t\t\t\t\t<div class=\"elementor-jet-woo-products jet-woo-builder\"><div class=\"jet-woo-products jet-woo-products--preset-1 col-row  \" data-mobile-hover=\"\" >\n<div class=\"jet-woo-products__item jet-woo-builder-product\" data-product-id=\"1387\">\n\t<div class=\"jet-woo-products__inner-box\"  >\n\t\t\n<div class=\"jet-woo-product-thumbnail\">\n\t\n\t<a href=\"https:\/\/www.fontenelles.com\/en\/produit\/tenue-de-soiree\/\"><img fetchpriority=\"high\" decoding=\"async\" width=\"217\" height=\"856\" src=\"https:\/\/www.fontenelles.com\/wp-content\/uploads\/2022\/08\/Gabarit_boyteille_miroir_rose.jpg\" class=\"attachment-large size-large\" alt=\"\" \/><\/a>\n\t<div class=\"jet-woo-product-img-overlay\"><\/div>\n\n\t\n\t<\/div><h5 class=\"jet-woo-product-title\"><a href=\"https:\/\/www.fontenelles.com\/en\/produit\/tenue-de-soiree\/\">Tenue de soir\u00e9e <span class=\"fontenellesfont\">FONTENELLES<\/span><\/a><\/h5>\n<div class=\"jet-woo-product-price\">\n\t<span class=\"price\"><span class=\"woocommerce-Price-amount amount\">12,00<span class=\"woocommerce-Price-currencySymbol\">&euro;<\/span><\/span><\/span>\n<\/div>\n<div class=\"jet-woo-products-cqw-wrapper\">\n\t<\/div>\t<\/div>\n\n\t<\/div>\n<div class=\"jet-woo-products__item jet-woo-builder-product\" data-product-id=\"1392\">\n\t<div class=\"jet-woo-products__inner-box\"  >\n\t\t\n<div class=\"jet-woo-product-thumbnail\">\n\t\n\t<a href=\"https:\/\/www.fontenelles.com\/en\/produit\/moural-de-salomon-fontenelles\/\"><img decoding=\"async\" width=\"205\" height=\"806\" src=\"https:\/\/www.fontenelles.com\/wp-content\/uploads\/2022\/08\/bouteille_miroir_moural.jpg\" class=\"attachment-large size-large\" alt=\"\" \/><\/a>\n\t<div class=\"jet-woo-product-img-overlay\"><\/div>\n\n\t\n\t<\/div><h5 class=\"jet-woo-product-title\"><a href=\"https:\/\/www.fontenelles.com\/en\/produit\/moural-de-salomon-fontenelles\/\">Moural de Salomon <span class=\"fontenellesfont\">FONTENELLES<\/span><\/a><\/h5>\n<div class=\"jet-woo-product-price\">\n\t<span class=\"price\"><span class=\"woocommerce-Price-amount amount\">40,00<span class=\"woocommerce-Price-currencySymbol\">&euro;<\/span><\/span><\/span>\n<\/div>\n<div class=\"jet-woo-products-cqw-wrapper\">\n\t<\/div>\t<\/div>\n\n\t<\/div>\n<div class=\"jet-woo-products__item jet-woo-builder-product\" data-product-id=\"1404\">\n\t<div class=\"jet-woo-products__inner-box\"  >\n\t\t\n<div class=\"jet-woo-product-thumbnail\">\n\t\n\t<a href=\"https:\/\/www.fontenelles.com\/en\/produit\/le-poete-fontenelles\/\"><img decoding=\"async\" width=\"261\" height=\"1024\" src=\"https:\/\/www.fontenelles.com\/wp-content\/uploads\/2022\/09\/Le_poete-261x1024.png\" class=\"attachment-large size-large\" alt=\"\" \/><\/a>\n\t<div class=\"jet-woo-product-img-overlay\"><\/div>\n\n\t\n\t<\/div><h5 class=\"jet-woo-product-title\"><a href=\"https:\/\/www.fontenelles.com\/en\/produit\/le-poete-fontenelles\/\">Le po\u00e8te <span class=\"fontenellesfont\">FONTENELLES<\/span><\/a><\/h5>\n<div class=\"jet-woo-product-price\">\n\t<span class=\"price\"><span class=\"woocommerce-Price-amount amount\">9,00<span class=\"woocommerce-Price-currencySymbol\">&euro;<\/span><\/span><\/span>\n<\/div>\n<div class=\"jet-woo-products-cqw-wrapper\">\n\t<\/div>\t<\/div>\n\n\t<\/div>\n<div class=\"jet-woo-products__item jet-woo-builder-product\" data-product-id=\"1412\">\n\t<div class=\"jet-woo-products__inner-box\"  >\n\t\t\n<div class=\"jet-woo-product-thumbnail\">\n\t\n\t<a href=\"https:\/\/www.fontenelles.com\/en\/produit\/renaissance-fontenelles\/\"><img loading=\"lazy\" decoding=\"async\" width=\"261\" height=\"1024\" src=\"https:\/\/www.fontenelles.com\/wp-content\/uploads\/2022\/09\/Le_renaissance2-261x1024.png\" class=\"attachment-large size-large\" alt=\"\" \/><\/a>\n\t<div class=\"jet-woo-product-img-overlay\"><\/div>\n\n\t\n\t<\/div><h5 class=\"jet-woo-product-title\"><a href=\"https:\/\/www.fontenelles.com\/en\/produit\/renaissance-fontenelles\/\">Renaissance <span class=\"fontenellesfont\">FONTENELLES<\/span><\/a><\/h5>\n<div class=\"jet-woo-product-price\">\n\t<span class=\"price\"><span class=\"woocommerce-Price-amount amount\">15,00<span class=\"woocommerce-Price-currencySymbol\">&euro;<\/span><\/span><\/span>\n<\/div>\n<div class=\"jet-woo-products-cqw-wrapper\">\n\t<\/div>\t<\/div>\n\n\t<\/div>\n<div class=\"jet-woo-products__item jet-woo-builder-product\" data-product-id=\"1422\">\n\t<div class=\"jet-woo-products__inner-box\"  >\n\t\t\n<div class=\"jet-woo-product-thumbnail\">\n\t\n\t<a href=\"https:\/\/www.fontenelles.com\/en\/produit\/notre-dame-fontenelles\/\"><img loading=\"lazy\" decoding=\"async\" width=\"261\" height=\"1024\" src=\"https:\/\/www.fontenelles.com\/wp-content\/uploads\/2022\/09\/notre_dame-261x1024.png\" class=\"attachment-large size-large\" alt=\"\" \/><\/a>\n\t<div class=\"jet-woo-product-img-overlay\"><\/div>\n\n\t\n\t<\/div><h5 class=\"jet-woo-product-title\"><a href=\"https:\/\/www.fontenelles.com\/en\/produit\/notre-dame-fontenelles\/\">Notre Dame <span class=\"fontenellesfont\">FONTENELLES<\/span><\/a><\/h5>\n<div class=\"jet-woo-product-price\">\n\t<span class=\"price\"><span class=\"woocommerce-Price-amount amount\">10,00<span class=\"woocommerce-Price-currencySymbol\">&euro;<\/span><\/span><\/span>\n<\/div>\n<div class=\"jet-woo-products-cqw-wrapper\">\n\t<\/div>\t<\/div>\n\n\t<\/div>\n<div class=\"jet-woo-products__item jet-woo-builder-product\" data-product-id=\"1426\">\n\t<div class=\"jet-woo-products__inner-box\"  >\n\t\t\n<div class=\"jet-woo-product-thumbnail\">\n\t\n\t<a href=\"https:\/\/www.fontenelles.com\/en\/produit\/apis-fontenelles\/\"><img loading=\"lazy\" decoding=\"async\" width=\"261\" height=\"1024\" src=\"https:\/\/www.fontenelles.com\/wp-content\/uploads\/2022\/08\/bouteille_apis2.jpg\" class=\"attachment-large size-large\" alt=\"\" \/><\/a>\n\t<div class=\"jet-woo-product-img-overlay\"><\/div>\n\n\t\n\t<\/div><h5 class=\"jet-woo-product-title\"><a href=\"https:\/\/www.fontenelles.com\/en\/produit\/apis-fontenelles\/\">Apis <span class=\"fontenellesfont\">FONTENELLES<\/span><\/a><\/h5>\n<div class=\"jet-woo-product-price\">\n\t<span class=\"price\"><span class=\"woocommerce-Price-amount amount\">9,00<span class=\"woocommerce-Price-currencySymbol\">&euro;<\/span><\/span><\/span>\n<\/div>\n<div class=\"jet-woo-products-cqw-wrapper\">\n\t<\/div>\t<\/div>\n\n\t<\/div>\n<div class=\"jet-woo-products__item jet-woo-builder-product\" data-product-id=\"1431\">\n\t<div class=\"jet-woo-products__inner-box\"  >\n\t\t\n<div class=\"jet-woo-product-thumbnail\">\n\t\n\t<a href=\"https:\/\/www.fontenelles.com\/en\/produit\/abeilles-de-fontenelles\/\"><img loading=\"lazy\" decoding=\"async\" width=\"261\" height=\"1024\" src=\"https:\/\/www.fontenelles.com\/wp-content\/uploads\/2022\/09\/abeilles-261x1024.png\" class=\"attachment-large size-large\" alt=\"\" \/><\/a>\n\t<div class=\"jet-woo-product-img-overlay\"><\/div>\n\n\t\n\t<\/div><h5 class=\"jet-woo-product-title\"><a href=\"https:\/\/www.fontenelles.com\/en\/produit\/abeilles-de-fontenelles\/\">Abeilles de <span class=\"fontenellesfont\">FONTENELLES<\/span><\/a><\/h5>\n<div class=\"jet-woo-product-price\">\n\t<span class=\"price\"><span class=\"woocommerce-Price-amount amount\">10,00<span class=\"woocommerce-Price-currencySymbol\">&euro;<\/span><\/span><\/span>\n<\/div>\n<div class=\"jet-woo-products-cqw-wrapper\">\n\t<\/div>\t<\/div>\n\n\t<\/div>\n<div class=\"jet-woo-products__item jet-woo-builder-product\" data-product-id=\"1435\">\n\t<div class=\"jet-woo-products__inner-box\"  >\n\t\t\n<div class=\"jet-woo-product-thumbnail\">\n\t\n\t<a href=\"https:\/\/www.fontenelles.com\/en\/produit\/alveare-fontenelles\/\"><img loading=\"lazy\" decoding=\"async\" width=\"261\" height=\"1024\" src=\"https:\/\/www.fontenelles.com\/wp-content\/uploads\/2022\/09\/le_alveare2-261x1024.png\" class=\"attachment-large size-large\" alt=\"\" \/><\/a>\n\t<div class=\"jet-woo-product-img-overlay\"><\/div>\n\n\t\n\t<\/div><h5 class=\"jet-woo-product-title\"><a href=\"https:\/\/www.fontenelles.com\/en\/produit\/alveare-fontenelles\/\">Alveare <span class=\"fontenellesfont\">FONTENELLES<\/span><\/a><\/h5>\n<div class=\"jet-woo-product-price\">\n\t<span class=\"price\"><span class=\"woocommerce-Price-amount amount\">15,00<span class=\"woocommerce-Price-currencySymbol\">&euro;<\/span><\/span><\/span>\n<\/div>\n<div class=\"jet-woo-products-cqw-wrapper\">\n\t<\/div>\t<\/div>\n\n\t<\/div>\n<div class=\"jet-woo-products__item jet-woo-builder-product\" data-product-id=\"1576\">\n\t<div class=\"jet-woo-products__inner-box\"  >\n\t\t\n<div class=\"jet-woo-product-thumbnail\">\n\t\n\t<a href=\"https:\/\/www.fontenelles.com\/en\/produit\/elysee-fontenelles\/\"><img loading=\"lazy\" decoding=\"async\" width=\"261\" height=\"1024\" src=\"https:\/\/www.fontenelles.com\/wp-content\/uploads\/2022\/10\/bouteille_elysee-261x1024.png\" class=\"attachment-large size-large\" alt=\"\" \/><\/a>\n\t<div class=\"jet-woo-product-img-overlay\"><\/div>\n\n\t\n\t<\/div><h5 class=\"jet-woo-product-title\"><a href=\"https:\/\/www.fontenelles.com\/en\/produit\/elysee-fontenelles\/\">\u00c9lys\u00e9e FONTENELLES<\/a><\/h5>\n<div class=\"jet-woo-product-price\">\n\t<span class=\"price\"><span class=\"woocommerce-Price-amount amount\">12,00<span class=\"woocommerce-Price-currencySymbol\">&euro;<\/span><\/span><\/span>\n<\/div>\n<div class=\"jet-woo-products-cqw-wrapper\">\n\t<\/div>\t<\/div>\n\n\t<\/div><\/div>\n<\/div>\t\t\t\t<\/div>\n\t\t\t\t<\/div>\n\t\t\t\t\t<\/div>\n\t\t<\/div>\n\t\t\t\t\t<\/div>\n\t\t<\/section>\n\t\t\t\t<\/div>\n\t\t","protected":false},"excerpt":{"rendered":"<p>The WINES Tenue de soir\u00e9e FONTENELLES 12,00&euro; Moural de Salomon FONTENELLES 40,00&euro; Le po\u00e8te FONTENELLES 9,00&euro; Renaissance FONTENELLES 15,00&euro; Notre Dame FONTENELLES 10,00&euro; Apis FONTENELLES 9,00&euro; Abeilles de FONTENELLES 10,00&euro; Alveare FONTENELLES 15,00&euro; \u00c9lys\u00e9e FONTENELLES 12,00&euro;<\/p>\n","protected":false},"author":1,"featured_media":0,"parent":0,"menu_order":0,"comment_status":"closed","ping_status":"closed","template":"elementor_header_footer","meta":{"_acf_changed":false,"footnotes":""},"class_list":["post-1370","page","type-page","status-publish","hentry"],"acf":[],"yoast_head":"<!-- This site is optimized with the Yoast SEO plugin v27.4 - https:\/\/yoast.com\/product\/yoast-seo-wordpress\/ -->\n<title>Our wines - Ch\u00e2teau de Fontenelles<\/title>\n<meta name=\"robots\" content=\"index, follow, max-snippet:-1, max-image-preview:large, max-video-preview:-1\" \/>\n<link rel=\"canonical\" href=\"https:\/\/www.fontenelles.com\/en\/our-wines\/\" \/>\n<meta property=\"og:locale\" content=\"en_US\" \/>\n<meta property=\"og:type\" content=\"article\" \/>\n<meta property=\"og:title\" content=\"Our wines - Ch\u00e2teau de Fontenelles\" \/>\n<meta property=\"og:description\" content=\"The WINES Tenue de soir\u00e9e FONTENELLES 12,00&euro; Moural de Salomon FONTENELLES 40,00&euro; Le po\u00e8te FONTENELLES 9,00&euro; Renaissance FONTENELLES 15,00&euro; Notre Dame FONTENELLES 10,00&euro; Apis FONTENELLES 9,00&euro; Abeilles de FONTENELLES 10,00&euro; Alveare FONTENELLES 15,00&euro; \u00c9lys\u00e9e FONTENELLES 12,00&euro;\" \/>\n<meta property=\"og:url\" content=\"https:\/\/www.fontenelles.com\/en\/our-wines\/\" \/>\n<meta property=\"og:site_name\" content=\"Ch\u00e2teau de Fontenelles\" \/>\n<meta property=\"article:modified_time\" content=\"2023-04-06T09:08:20+00:00\" \/>\n<meta property=\"og:image\" content=\"https:\/\/www.fontenelles.com\/wp-content\/uploads\/2022\/08\/Gabarit_boyteille_miroir_rose.jpg\" \/>\n<meta name=\"twitter:card\" content=\"summary_large_image\" \/>\n<meta name=\"twitter:label1\" content=\"Est. reading time\" \/>\n\t<meta name=\"twitter:data1\" content=\"3 minutes\" \/>\n<script type=\"application\/ld+json\" class=\"yoast-schema-graph\">{\"@context\":\"https:\\\/\\\/schema.org\",\"@graph\":[{\"@type\":\"WebPage\",\"@id\":\"https:\\\/\\\/www.fontenelles.com\\\/en\\\/our-wines\\\/\",\"url\":\"https:\\\/\\\/www.fontenelles.com\\\/en\\\/our-wines\\\/\",\"name\":\"Our wines - Ch\u00e2teau de Fontenelles\",\"isPartOf\":{\"@id\":\"https:\\\/\\\/www.fontenelles.com\\\/#website\"},\"primaryImageOfPage\":{\"@id\":\"https:\\\/\\\/www.fontenelles.com\\\/en\\\/our-wines\\\/#primaryimage\"},\"image\":{\"@id\":\"https:\\\/\\\/www.fontenelles.com\\\/en\\\/our-wines\\\/#primaryimage\"},\"thumbnailUrl\":\"https:\\\/\\\/www.fontenelles.com\\\/wp-content\\\/uploads\\\/2022\\\/08\\\/Gabarit_boyteille_miroir_rose.jpg\",\"datePublished\":\"2022-08-25T15:54:16+00:00\",\"dateModified\":\"2023-04-06T09:08:20+00:00\",\"breadcrumb\":{\"@id\":\"https:\\\/\\\/www.fontenelles.com\\\/en\\\/our-wines\\\/#breadcrumb\"},\"inLanguage\":\"en-US\",\"potentialAction\":[{\"@type\":\"ReadAction\",\"target\":[\"https:\\\/\\\/www.fontenelles.com\\\/en\\\/our-wines\\\/\"]}]},{\"@type\":\"ImageObject\",\"inLanguage\":\"en-US\",\"@id\":\"https:\\\/\\\/www.fontenelles.com\\\/en\\\/our-wines\\\/#primaryimage\",\"url\":\"https:\\\/\\\/www.fontenelles.com\\\/wp-content\\\/uploads\\\/2022\\\/08\\\/Gabarit_boyteille_miroir_rose.jpg\",\"contentUrl\":\"https:\\\/\\\/www.fontenelles.com\\\/wp-content\\\/uploads\\\/2022\\\/08\\\/Gabarit_boyteille_miroir_rose.jpg\"},{\"@type\":\"BreadcrumbList\",\"@id\":\"https:\\\/\\\/www.fontenelles.com\\\/en\\\/our-wines\\\/#breadcrumb\",\"itemListElement\":[{\"@type\":\"ListItem\",\"position\":1,\"name\":\"Accueil\",\"item\":\"https:\\\/\\\/www.fontenelles.com\\\/en\\\/\"},{\"@type\":\"ListItem\",\"position\":2,\"name\":\"Our wines\"}]},{\"@type\":\"WebSite\",\"@id\":\"https:\\\/\\\/www.fontenelles.com\\\/#website\",\"url\":\"https:\\\/\\\/www.fontenelles.com\\\/\",\"name\":\"Ch\u00e2teau de Fontenelles\",\"description\":\"Une terre d\u2019histoire pour de grands vins\",\"publisher\":{\"@id\":\"https:\\\/\\\/www.fontenelles.com\\\/#organization\"},\"potentialAction\":[{\"@type\":\"SearchAction\",\"target\":{\"@type\":\"EntryPoint\",\"urlTemplate\":\"https:\\\/\\\/www.fontenelles.com\\\/?s={search_term_string}\"},\"query-input\":{\"@type\":\"PropertyValueSpecification\",\"valueRequired\":true,\"valueName\":\"search_term_string\"}}],\"inLanguage\":\"en-US\"},{\"@type\":\"Organization\",\"@id\":\"https:\\\/\\\/www.fontenelles.com\\\/#organization\",\"name\":\"Ch\u00e2teau de Fontenelles\",\"url\":\"https:\\\/\\\/www.fontenelles.com\\\/\",\"logo\":{\"@type\":\"ImageObject\",\"inLanguage\":\"en-US\",\"@id\":\"https:\\\/\\\/www.fontenelles.com\\\/#\\\/schema\\\/logo\\\/image\\\/\",\"url\":\"https:\\\/\\\/fontenelles.resonancecommunication.com\\\/wp-content\\\/uploads\\\/2022\\\/08\\\/logo-chateau-fontenelle-noir.svg\",\"contentUrl\":\"https:\\\/\\\/fontenelles.resonancecommunication.com\\\/wp-content\\\/uploads\\\/2022\\\/08\\\/logo-chateau-fontenelle-noir.svg\",\"width\":112.944,\"height\":104.21,\"caption\":\"Ch\u00e2teau de Fontenelles\"},\"image\":{\"@id\":\"https:\\\/\\\/www.fontenelles.com\\\/#\\\/schema\\\/logo\\\/image\\\/\"}}]}<\/script>\n<!-- \/ Yoast SEO plugin. -->","yoast_head_json":{"title":"Our wines - Ch\u00e2teau de Fontenelles","robots":{"index":"index","follow":"follow","max-snippet":"max-snippet:-1","max-image-preview":"max-image-preview:large","max-video-preview":"max-video-preview:-1"},"canonical":"https:\/\/www.fontenelles.com\/en\/our-wines\/","og_locale":"en_US","og_type":"article","og_title":"Our wines - Ch\u00e2teau de Fontenelles","og_description":"The WINES Tenue de soir\u00e9e FONTENELLES 12,00&euro; Moural de Salomon FONTENELLES 40,00&euro; Le po\u00e8te FONTENELLES 9,00&euro; Renaissance FONTENELLES 15,00&euro; Notre Dame FONTENELLES 10,00&euro; Apis FONTENELLES 9,00&euro; Abeilles de FONTENELLES 10,00&euro; Alveare FONTENELLES 15,00&euro; \u00c9lys\u00e9e FONTENELLES 12,00&euro;","og_url":"https:\/\/www.fontenelles.com\/en\/our-wines\/","og_site_name":"Ch\u00e2teau de Fontenelles","article_modified_time":"2023-04-06T09:08:20+00:00","og_image":[{"url":"https:\/\/www.fontenelles.com\/wp-content\/uploads\/2022\/08\/Gabarit_boyteille_miroir_rose.jpg","type":"","width":"","height":""}],"twitter_card":"summary_large_image","twitter_misc":{"Est. reading time":"3 minutes"},"schema":{"@context":"https:\/\/schema.org","@graph":[{"@type":"WebPage","@id":"https:\/\/www.fontenelles.com\/en\/our-wines\/","url":"https:\/\/www.fontenelles.com\/en\/our-wines\/","name":"Our wines - Ch\u00e2teau de Fontenelles","isPartOf":{"@id":"https:\/\/www.fontenelles.com\/#website"},"primaryImageOfPage":{"@id":"https:\/\/www.fontenelles.com\/en\/our-wines\/#primaryimage"},"image":{"@id":"https:\/\/www.fontenelles.com\/en\/our-wines\/#primaryimage"},"thumbnailUrl":"https:\/\/www.fontenelles.com\/wp-content\/uploads\/2022\/08\/Gabarit_boyteille_miroir_rose.jpg","datePublished":"2022-08-25T15:54:16+00:00","dateModified":"2023-04-06T09:08:20+00:00","breadcrumb":{"@id":"https:\/\/www.fontenelles.com\/en\/our-wines\/#breadcrumb"},"inLanguage":"en-US","potentialAction":[{"@type":"ReadAction","target":["https:\/\/www.fontenelles.com\/en\/our-wines\/"]}]},{"@type":"ImageObject","inLanguage":"en-US","@id":"https:\/\/www.fontenelles.com\/en\/our-wines\/#primaryimage","url":"https:\/\/www.fontenelles.com\/wp-content\/uploads\/2022\/08\/Gabarit_boyteille_miroir_rose.jpg","contentUrl":"https:\/\/www.fontenelles.com\/wp-content\/uploads\/2022\/08\/Gabarit_boyteille_miroir_rose.jpg"},{"@type":"BreadcrumbList","@id":"https:\/\/www.fontenelles.com\/en\/our-wines\/#breadcrumb","itemListElement":[{"@type":"ListItem","position":1,"name":"Accueil","item":"https:\/\/www.fontenelles.com\/en\/"},{"@type":"ListItem","position":2,"name":"Our wines"}]},{"@type":"WebSite","@id":"https:\/\/www.fontenelles.com\/#website","url":"https:\/\/www.fontenelles.com\/","name":"Ch\u00e2teau de Fontenelles","description":"Une terre d\u2019histoire pour de grands vins","publisher":{"@id":"https:\/\/www.fontenelles.com\/#organization"},"potentialAction":[{"@type":"SearchAction","target":{"@type":"EntryPoint","urlTemplate":"https:\/\/www.fontenelles.com\/?s={search_term_string}"},"query-input":{"@type":"PropertyValueSpecification","valueRequired":true,"valueName":"search_term_string"}}],"inLanguage":"en-US"},{"@type":"Organization","@id":"https:\/\/www.fontenelles.com\/#organization","name":"Ch\u00e2teau de Fontenelles","url":"https:\/\/www.fontenelles.com\/","logo":{"@type":"ImageObject","inLanguage":"en-US","@id":"https:\/\/www.fontenelles.com\/#\/schema\/logo\/image\/","url":"https:\/\/fontenelles.resonancecommunication.com\/wp-content\/uploads\/2022\/08\/logo-chateau-fontenelle-noir.svg","contentUrl":"https:\/\/fontenelles.resonancecommunication.com\/wp-content\/uploads\/2022\/08\/logo-chateau-fontenelle-noir.svg","width":112.944,"height":104.21,"caption":"Ch\u00e2teau de Fontenelles"},"image":{"@id":"https:\/\/www.fontenelles.com\/#\/schema\/logo\/image\/"}}]}},"_links":{"self":[{"href":"https:\/\/www.fontenelles.com\/en\/wp-json\/wp\/v2\/pages\/1370","targetHints":{"allow":["GET"]}}],"collection":[{"href":"https:\/\/www.fontenelles.com\/en\/wp-json\/wp\/v2\/pages"}],"about":[{"href":"https:\/\/www.fontenelles.com\/en\/wp-json\/wp\/v2\/types\/page"}],"author":[{"embeddable":true,"href":"https:\/\/www.fontenelles.com\/en\/wp-json\/wp\/v2\/users\/1"}],"replies":[{"embeddable":true,"href":"https:\/\/www.fontenelles.com\/en\/wp-json\/wp\/v2\/comments?post=1370"}],"version-history":[{"count":2,"href":"https:\/\/www.fontenelles.com\/en\/wp-json\/wp\/v2\/pages\/1370\/revisions"}],"predecessor-version":[{"id":2060,"href":"https:\/\/www.fontenelles.com\/en\/wp-json\/wp\/v2\/pages\/1370\/revisions\/2060"}],"wp:attachment":[{"href":"https:\/\/www.fontenelles.com\/en\/wp-json\/wp\/v2\/media?parent=1370"}],"curies":[{"name":"wp","href":"https:\/\/api.w.org\/{rel}","templated":true}]}}