{"id":1404,"date":"2022-08-29T11:25:23","date_gmt":"2022-08-29T09:25:23","guid":{"rendered":"https:\/\/www.fontenelles.com\/produit\/le-poete-fontenelles\/"},"modified":"2022-10-10T09:32:47","modified_gmt":"2022-10-10T07:32:47","slug":"le-poete-fontenelles","status":"publish","type":"product","link":"https:\/\/www.fontenelles.com\/en\/produit\/le-poete-fontenelles\/","title":{"rendered":"Le po\u00e8te <span class=\"fontenellesfont\">FONTENELLES<\/span>"},"content":{"rendered":"\t\t<div data-elementor-type=\"wp-post\" data-elementor-id=\"1404\" class=\"elementor elementor-1404\">\n\t\t\t\t\t\t<section class=\"elementor-section elementor-top-section elementor-element elementor-element-27a1d113 elementor-section-boxed elementor-section-height-default elementor-section-height-default\" data-id=\"27a1d113\" data-element_type=\"section\" data-e-type=\"section\" data-settings=\"{&quot;jet_parallax_layout_list&quot;:[]}\">\n\t\t\t\t\t\t<div class=\"elementor-container elementor-column-gap-default\">\n\t\t\t\t\t<div class=\"elementor-column elementor-col-100 elementor-top-column elementor-element elementor-element-39022014\" data-id=\"39022014\" data-element_type=\"column\" data-e-type=\"column\">\n\t\t\t<div class=\"elementor-widget-wrap elementor-element-populated\">\n\t\t\t\t\t\t<div class=\"elementor-element elementor-element-2bae0bcb elementor-widget elementor-widget-spacer\" data-id=\"2bae0bcb\" data-element_type=\"widget\" data-e-type=\"widget\" data-widget_type=\"spacer.default\">\n\t\t\t\t<div class=\"elementor-widget-container\">\n\t\t\t\t\t\t\t<div class=\"elementor-spacer\">\n\t\t\t<div class=\"elementor-spacer-inner\"><\/div>\n\t\t<\/div>\n\t\t\t\t\t\t<\/div>\n\t\t\t\t<\/div>\n\t\t\t\t<div class=\"elementor-element elementor-element-6bec8c3 elementor-widget elementor-widget-heading\" data-id=\"6bec8c3\" data-element_type=\"widget\" data-e-type=\"widget\" data-widget_type=\"heading.default\">\n\t\t\t\t<div class=\"elementor-widget-container\">\n\t\t\t\t\t<h2 class=\"elementor-heading-title elementor-size-default\">Le Po\u00e8te<\/h2>\t\t\t\t<\/div>\n\t\t\t\t<\/div>\n\t\t\t\t<div class=\"elementor-element elementor-element-5f68784 elementor-widget elementor-widget-heading\" data-id=\"5f68784\" data-element_type=\"widget\" data-e-type=\"widget\" data-widget_type=\"heading.default\">\n\t\t\t\t<div class=\"elementor-widget-container\">\n\t\t\t\t\t<h3 class=\"elementor-heading-title elementor-size-default\">Fontenelles<\/h3>\t\t\t\t<\/div>\n\t\t\t\t<\/div>\n\t\t\t\t<div class=\"elementor-element elementor-element-7e909f3 elementor-widget elementor-widget-text-editor\" data-id=\"7e909f3\" data-element_type=\"widget\" data-e-type=\"widget\" data-widget_type=\"text-editor.default\">\n\t\t\t\t<div class=\"elementor-widget-container\">\n\t\t\t\t\t\t\t\t\t<p class=\"p1\"><span class=\"s1\"><i>Merlot 35%, Syrah 30%, Grenache 25% , Vieux Carignan 10%<\/i><\/span><\/p>\t\t\t\t\t\t\t\t<\/div>\n\t\t\t\t<\/div>\n\t\t\t\t<section class=\"elementor-section elementor-inner-section elementor-element elementor-element-432ef610 elementor-section-boxed elementor-section-height-default elementor-section-height-default\" data-id=\"432ef610\" data-element_type=\"section\" data-e-type=\"section\" data-settings=\"{&quot;jet_parallax_layout_list&quot;:[]}\">\n\t\t\t\t\t\t<div class=\"elementor-container elementor-column-gap-default\">\n\t\t\t\t\t<div class=\"elementor-column elementor-col-100 elementor-inner-column elementor-element elementor-element-7990ffdf\" data-id=\"7990ffdf\" data-element_type=\"column\" data-e-type=\"column\">\n\t\t\t<div class=\"elementor-widget-wrap elementor-element-populated\">\n\t\t\t\t\t\t<div class=\"elementor-element elementor-element-47bb2663 elementor-widget elementor-widget-heading\" data-id=\"47bb2663\" data-element_type=\"widget\" data-e-type=\"widget\" data-widget_type=\"heading.default\">\n\t\t\t\t<div class=\"elementor-widget-container\">\n\t\t\t\t\t<h4 class=\"elementor-heading-title elementor-size-default\">Vinification<\/h4>\t\t\t\t<\/div>\n\t\t\t\t<\/div>\n\t\t\t\t<div class=\"elementor-element elementor-element-1332bbc7 elementor-widget elementor-widget-text-editor\" data-id=\"1332bbc7\" data-element_type=\"widget\" data-e-type=\"widget\" data-widget_type=\"text-editor.default\">\n\t\t\t\t<div class=\"elementor-widget-container\">\n\t\t\t\t\t\t\t\t\t<p class=\"p1\"><span class=\"s1\"><i>Vini\ufb01cation<\/i><\/span><span class=\"s2\"><i> of<\/i><\/span><i> <\/i><span class=\"s1\"><i>Carignan<\/i><\/span><span class=\"s2\"><i> grapes <\/i><\/span><span class=\"s1\"><i>and<\/i><\/span><i> <\/i><span class=\"s1\"><i>partly<\/i><\/span><i> <\/i><span class=\"s2\"><i>Syrah <\/i><\/span><span class=\"s1\"><i>in<\/i><\/span><i> <\/i><span class=\"s1\"><i>whole<\/i><\/span><span class=\"s2\"><i> grains (carbonic maceration) <\/i><\/span><span class=\"s1\"><i>.<\/i><\/span><i> <\/i><span class=\"s1\"><i>Partly<\/i><\/span><span class=\"s2\"><i> cold pre-fermentation <\/i><\/span><span class=\"s1\"><i>also<\/i><\/span><span class=\"s2\"><i> for<\/i><\/span><i> <\/i><span class=\"s2\"><i>Syrah.<\/i><\/span><\/p>\t\t\t\t\t\t\t\t<\/div>\n\t\t\t\t<\/div>\n\t\t\t\t<div class=\"elementor-element elementor-element-2f2fe6cd elementor-widget elementor-widget-heading\" data-id=\"2f2fe6cd\" data-element_type=\"widget\" data-e-type=\"widget\" data-widget_type=\"heading.default\">\n\t\t\t\t<div class=\"elementor-widget-container\">\n\t\t\t\t\t<h4 class=\"elementor-heading-title elementor-size-default\">Notes<\/h4>\t\t\t\t<\/div>\n\t\t\t\t<\/div>\n\t\t\t\t<div class=\"elementor-element elementor-element-1fc2bd01 elementor-widget elementor-widget-text-editor\" data-id=\"1fc2bd01\" data-element_type=\"widget\" data-e-type=\"widget\" data-widget_type=\"text-editor.default\">\n\t\t\t\t<div class=\"elementor-widget-container\">\n\t\t\t\t\t\t\t\t\t<p class=\"p1\"><span class=\"s1\"><i>The<\/i><\/span><i> <\/i><span class=\"s1\"><i>poet<\/i><\/span><i> <\/i><span class=\"s1\"><i>has<\/i><\/span><i> <\/i><span class=\"s1\"><i>a<\/i><\/span><i> <\/i><span class=\"s1\"><i>shimmering<\/i><\/span><i> <\/i><span class=\"s1\"><i>gamet<\/i><\/span><span class=\"s2\"><i> e<\/i><\/span><span class=\"s1\"><i>ye,<\/i><\/span><i> <\/i><span class=\"s1\"><i>bright<\/i><\/span><i> <\/i><span class=\"s1\"><i>and<\/i><\/span><i> <\/i><span class=\"s1\"><i>deep.<\/i><\/span><i> <\/i><span class=\"s1\"><i>The<\/i><\/span><i> <\/i><span class=\"s1\"><i>nose<\/i><\/span><i> <\/i><span class=\"s1\"><i>is<\/i><\/span><i> <\/i><span class=\"s1\"><i>exp<\/i><\/span><span class=\"s2\"><i>r<\/i><\/span><span class=\"s1\"><i>essi<\/i><\/span><span class=\"s2\"><i>v<\/i><\/span><span class=\"s1\"><i>e<\/i><\/span><i> <\/i><span class=\"s1\"><i>&#8211;<\/i><\/span><span class=\"s2\"><i> v<\/i><\/span><span class=\"s1\"><i>ery<\/i><\/span><i> <\/i><span class=\"s1\"><i>speci\ufb01c<\/i><\/span><i> <\/i><span class=\"s1\"><i>a<\/i><\/span><span class=\"s2\"><i>r<\/i><\/span><span class=\"s1\"><i>omatic<\/i><\/span><i> <\/i><span class=\"s1\"><i>de\ufb01nitions<\/i><\/span><i> <\/i><span class=\"s1\"><i>combining<\/i><\/span><i> <\/i><span class=\"s1\"><i>complexity<\/i><\/span><i> <\/i><span class=\"s1\"><i>with<\/i><\/span><span class=\"s2\"><i> r<\/i><\/span><span class=\"s1\"><i>ed<span class=\"Apple-converted-space\">\u00a0 <\/span>fruit,<\/i><\/span><i> <\/i><span class=\"s1\"><i>spices<\/i><\/span><i> <\/i><span class=\"s1\"><i>and<\/i><\/span><i> <\/i><span class=\"s1\"><i>the<\/i><\/span><i> <\/i><span class=\"s1\"><i>garrigue.<\/i><\/span><i> <\/i><span class=\"s1\"><i>A<\/i><\/span><i> <\/i><span class=\"s1\"><i>beautiful<\/i><\/span><span class=\"s2\"><i> harmony <\/i><\/span><span class=\"s1\"><i>that<\/i><\/span><i> <\/i><span class=\"s1\"><i>can<\/i><\/span><i> <\/i><span class=\"s1\"><i>be<\/i><\/span><span class=\"s2\"><i> found <\/i><\/span><span class=\"s1\"><i>also<\/i><\/span><i> <\/i><span class=\"s1\"><i>in<\/i><\/span><i> <\/i><span class=\"s1\"><i>the<\/i><\/span><i> <\/i><span class=\"s1\"><i>mouth,<\/i><\/span><i> <\/i><span class=\"s1\"><i>with<\/i><\/span><i> <\/i><span class=\"s1\"><i>a<\/i><\/span><span class=\"s2\"><i> well-balanced palate <\/i><\/span><span class=\"s1\"><i>&#8211;<\/i><\/span><span class=\"s2\"><i> fruity, intense <\/i><\/span><span class=\"s1\"><i>and<\/i><\/span><span class=\"s2\"><i> round. <\/i><\/span><span class=\"s1\"><i>The<span class=\"Apple-converted-space\">\u00a0<\/span><\/i><\/span><i> <\/i><span class=\"s1\"><i>\ufb01nal<\/i><\/span><i> <\/i><span class=\"s2\"><i>note stretches over<\/i><\/span><i> <\/i><span class=\"s1\"><i>the<\/i><\/span><span class=\"s2\"><i> freshness <\/i><\/span><span class=\"s1\"><i>ofvery<\/i><\/span><i> <\/i><span class=\"s1\"><i>\ufb01ne<\/i><\/span><i> <\/i><span class=\"s1\"><i>and<\/i><\/span><i> <\/i><span class=\"s1\"><i>absorbed<\/i><\/span><span class=\"s2\"><i> tannins <\/i><\/span><span class=\"s1\"><i>.<\/i><\/span><\/p>\t\t\t\t\t\t\t\t<\/div>\n\t\t\t\t<\/div>\n\t\t\t\t<div class=\"elementor-element elementor-element-12ad38e8 elementor-widget elementor-widget-heading\" data-id=\"12ad38e8\" data-element_type=\"widget\" data-e-type=\"widget\" data-widget_type=\"heading.default\">\n\t\t\t\t<div class=\"elementor-widget-container\">\n\t\t\t\t\t<h4 class=\"elementor-heading-title elementor-size-default\">Accord<\/h4>\t\t\t\t<\/div>\n\t\t\t\t<\/div>\n\t\t\t\t<div class=\"elementor-element elementor-element-ae7a637 elementor-widget elementor-widget-text-editor\" data-id=\"ae7a637\" data-element_type=\"widget\" data-e-type=\"widget\" data-widget_type=\"text-editor.default\">\n\t\t\t\t<div class=\"elementor-widget-container\">\n\t\t\t\t\t\t\t\t\t<p class=\"p1\"><span class=\"s1\"><i>A<\/i><\/span><i> <\/i><span class=\"s1\"><i>balanced<\/i><\/span><i> <\/i><span class=\"s1\"><i>wine<\/i><\/span><span class=\"s3\"><i> t<\/i><\/span><span class=\"s1\"><i>o<\/i><\/span><i> <\/i><span class=\"s1\"><i>be<\/i><\/span><i> <\/i><span class=\"s1\"><i>enj<\/i><\/span><span class=\"s3\"><i>o<\/i><\/span><span class=\"s1\"><i>yed<\/i><\/span><i> <\/i><span class=\"s1\"><i>with<\/i><\/span><span class=\"s3\"><i> r<\/i><\/span><span class=\"s1\"><i>ed<\/i><\/span><i> <\/i><span class=\"s1\"><i>meat<\/i><\/span><i> <\/i><span class=\"s1\"><i>,<\/i><\/span><i> <\/i><span class=\"s1\"><i>it<\/i><\/span><i> <\/i><span class=\"s1\"><i>also<\/i><\/span><i> <\/i><span class=\"s1\"><i>per<\/i><\/span><span class=\"s3\"><i>f<\/i><\/span><span class=\"s1\"><i>ect<\/i><\/span><span class=\"s3\"><i>l<\/i><\/span><span class=\"s1\"><i>y<\/i><\/span><i> <\/i><span class=\"s1\"><i>accompanies<\/i><\/span><i> <\/i><span class=\"s1\"><i>Orient<\/i><\/span><i> <\/i><span class=\"s1\"><i>inspi<\/i><\/span><span class=\"s3\"><i>r<\/i><\/span><span class=\"s1\"><i>ed<\/i><\/span><i> <\/i><span class=\"s1\"><i>spi<\/i><\/span><span class=\"s3\"><i>c<\/i><\/span><span class=\"s1\"><i>y<\/i><\/span><i> <\/i><span class=\"s1\"><i>dis<\/i><\/span><i> <\/i><span class=\"s1\"><i>hes.<span class=\"Apple-converted-space\">\u00a0 <\/span><\/i><\/span><span class=\"s3\"><i>Serve decanted <\/i><\/span><span class=\"s1\"><i>at<\/i><\/span><span class=\"s3\"><i> room temperature.<\/i><\/span><\/p>\t\t\t\t\t\t\t\t<\/div>\n\t\t\t\t<\/div>\n\t\t\t\t<div class=\"elementor-element elementor-element-33aa119f elementor-widget elementor-widget-heading\" data-id=\"33aa119f\" data-element_type=\"widget\" data-e-type=\"widget\" data-widget_type=\"heading.default\">\n\t\t\t\t<div class=\"elementor-widget-container\">\n\t\t\t\t\t<h4 class=\"elementor-heading-title elementor-size-default\">Aromas<\/h4>\t\t\t\t<\/div>\n\t\t\t\t<\/div>\n\t\t\t\t<div class=\"elementor-element elementor-element-509f80e0 elementor-widget elementor-widget-text-editor\" data-id=\"509f80e0\" data-element_type=\"widget\" data-e-type=\"widget\" data-widget_type=\"text-editor.default\">\n\t\t\t\t<div class=\"elementor-widget-container\">\n\t\t\t\t\t\t\t\t\t<p>Full-bodied<\/p>\t\t\t\t\t\t\t\t<\/div>\n\t\t\t\t<\/div>\n\t\t\t\t<div class=\"elementor-element elementor-element-37053efa elementor-widget elementor-widget-progress\" data-id=\"37053efa\" data-element_type=\"widget\" data-e-type=\"widget\" data-widget_type=\"progress.default\">\n\t\t\t\t<div class=\"elementor-widget-container\">\n\t\t\t\t\t\t\t\t<span class=\"elementor-title\" id=\"elementor-progress-bar-37053efa\">\n\t\t\t\tSlight\t\t\t<\/span>\n\t\t\n\t\t<div aria-labelledby=\"elementor-progress-bar-37053efa\" class=\"elementor-progress-wrapper\" role=\"progressbar\" aria-valuemin=\"0\" aria-valuemax=\"100\" aria-valuenow=\"55\">\n\t\t\t<div class=\"elementor-progress-bar\" data-max=\"55\">\n\t\t\t\t<span class=\"elementor-progress-text\"><\/span>\n\t\t\t\t\t\t\t<\/div>\n\t\t<\/div>\n\t\t\t\t\t\t<\/div>\n\t\t\t\t<\/div>\n\t\t\t\t<div class=\"elementor-element elementor-element-7420e396 elementor-widget elementor-widget-text-editor\" data-id=\"7420e396\" data-element_type=\"widget\" data-e-type=\"widget\" data-widget_type=\"text-editor.default\">\n\t\t\t\t<div class=\"elementor-widget-container\">\n\t\t\t\t\t\t\t\t\t<p>Spicy<\/p>\t\t\t\t\t\t\t\t<\/div>\n\t\t\t\t<\/div>\n\t\t\t\t<div class=\"elementor-element elementor-element-1adfd234 elementor-widget elementor-widget-progress\" data-id=\"1adfd234\" data-element_type=\"widget\" data-e-type=\"widget\" data-widget_type=\"progress.default\">\n\t\t\t\t<div class=\"elementor-widget-container\">\n\t\t\t\t\t\t\t\t<span class=\"elementor-title\" id=\"elementor-progress-bar-1adfd234\">\n\t\t\t\tFruity\t\t\t<\/span>\n\t\t\n\t\t<div aria-labelledby=\"elementor-progress-bar-1adfd234\" class=\"elementor-progress-wrapper\" role=\"progressbar\" aria-valuemin=\"0\" aria-valuemax=\"100\" aria-valuenow=\"75\">\n\t\t\t<div class=\"elementor-progress-bar\" data-max=\"75\">\n\t\t\t\t<span class=\"elementor-progress-text\"><\/span>\n\t\t\t\t\t\t\t<\/div>\n\t\t<\/div>\n\t\t\t\t\t\t<\/div>\n\t\t\t\t<\/div>\n\t\t\t\t<div class=\"elementor-element elementor-element-4c96d716 elementor-widget elementor-widget-text-editor\" data-id=\"4c96d716\" data-element_type=\"widget\" data-e-type=\"widget\" data-widget_type=\"text-editor.default\">\n\t\t\t\t<div class=\"elementor-widget-container\">\n\t\t\t\t\t\t\t\t\t<p>Tannic<\/p>\t\t\t\t\t\t\t\t<\/div>\n\t\t\t\t<\/div>\n\t\t\t\t<div class=\"elementor-element elementor-element-699c313a elementor-widget elementor-widget-progress\" data-id=\"699c313a\" data-element_type=\"widget\" data-e-type=\"widget\" data-widget_type=\"progress.default\">\n\t\t\t\t<div class=\"elementor-widget-container\">\n\t\t\t\t\t\t\t\t<span class=\"elementor-title\" id=\"elementor-progress-bar-699c313a\">\n\t\t\t\tFlexible\t\t\t<\/span>\n\t\t\n\t\t<div aria-labelledby=\"elementor-progress-bar-699c313a\" class=\"elementor-progress-wrapper\" role=\"progressbar\" aria-valuemin=\"0\" aria-valuemax=\"100\" aria-valuenow=\"70\">\n\t\t\t<div class=\"elementor-progress-bar\" data-max=\"70\">\n\t\t\t\t<span class=\"elementor-progress-text\"><\/span>\n\t\t\t\t\t\t\t<\/div>\n\t\t<\/div>\n\t\t\t\t\t\t<\/div>\n\t\t\t\t<\/div>\n\t\t\t\t\t<\/div>\n\t\t<\/div>\n\t\t\t\t\t<\/div>\n\t\t<\/section>\n\t\t\t\t\t<\/div>\n\t\t<\/div>\n\t\t\t\t\t<\/div>\n\t\t<\/section>\n\t\t\t\t<\/div>\n\t\t","protected":false},"excerpt":{"rendered":"<p>Le Po\u00e8te Fontenelles Merlot 35%, Syrah 30%, Grenache 25% , Vieux Carignan 10% Vinification Vini\ufb01cation of Carignan grapes and partly Syrah in whole grains (carbonic maceration) . Partly cold pre-fermentation also for Syrah. Notes The poet has a shimmering gamet eye, bright and deep. The nose is expressive &#8211; very speci\ufb01c aromatic de\ufb01nitions combining complexity [&hellip;]<\/p>\n","protected":false},"featured_media":1268,"comment_status":"open","ping_status":"closed","template":"","meta":{"_acf_changed":false},"product_brand":[],"product_cat":[18],"product_tag":[],"class_list":{"0":"post-1404","1":"product","2":"type-product","3":"status-publish","4":"has-post-thumbnail","6":"product_cat-non-classe","8":"first","9":"instock","10":"shipping-taxable","11":"purchasable","12":"product-type-simple"},"acf":[],"yoast_head":"<!-- This site is optimized with the Yoast SEO plugin v27.4 - https:\/\/yoast.com\/product\/yoast-seo-wordpress\/ -->\n<title>Le po\u00e8te FONTENELLES - Ch\u00e2teau de Fontenelles<\/title>\n<meta name=\"robots\" content=\"index, follow, max-snippet:-1, max-image-preview:large, max-video-preview:-1\" \/>\n<link rel=\"canonical\" href=\"https:\/\/www.fontenelles.com\/en\/produit\/le-poete-fontenelles\/\" \/>\n<meta property=\"og:locale\" content=\"en_US\" \/>\n<meta property=\"og:type\" content=\"article\" \/>\n<meta property=\"og:title\" content=\"Le po\u00e8te FONTENELLES - Ch\u00e2teau de Fontenelles\" \/>\n<meta property=\"og:description\" content=\"Le Po\u00e8te Fontenelles Merlot 35%, Syrah 30%, Grenache 25% , Vieux Carignan 10% Vinification Vini\ufb01cation of Carignan grapes and partly Syrah in whole grains (carbonic maceration) . Partly cold pre-fermentation also for Syrah. Notes The poet has a shimmering gamet eye, bright and deep. The nose is expressive &#8211; very speci\ufb01c aromatic de\ufb01nitions combining complexity [&hellip;]\" \/>\n<meta property=\"og:url\" content=\"https:\/\/www.fontenelles.com\/en\/produit\/le-poete-fontenelles\/\" \/>\n<meta property=\"og:site_name\" content=\"Ch\u00e2teau de Fontenelles\" \/>\n<meta property=\"article:modified_time\" content=\"2022-10-10T07:32:47+00:00\" \/>\n<meta property=\"og:image\" content=\"https:\/\/www.fontenelles.com\/wp-content\/uploads\/2022\/09\/Le_poete.png\" \/>\n\t<meta property=\"og:image:width\" content=\"341\" \/>\n\t<meta property=\"og:image:height\" content=\"1340\" \/>\n\t<meta property=\"og:image:type\" content=\"image\/png\" \/>\n<meta name=\"twitter:card\" content=\"summary_large_image\" \/>\n<meta name=\"twitter:label1\" content=\"Est. reading time\" \/>\n\t<meta name=\"twitter:data1\" content=\"1 minute\" \/>\n<script type=\"application\/ld+json\" class=\"yoast-schema-graph\">{\"@context\":\"https:\\\/\\\/schema.org\",\"@graph\":[{\"@type\":\"WebPage\",\"@id\":\"https:\\\/\\\/www.fontenelles.com\\\/en\\\/produit\\\/le-poete-fontenelles\\\/\",\"url\":\"https:\\\/\\\/www.fontenelles.com\\\/en\\\/produit\\\/le-poete-fontenelles\\\/\",\"name\":\"Le po\u00e8te FONTENELLES - Ch\u00e2teau de Fontenelles\",\"isPartOf\":{\"@id\":\"https:\\\/\\\/www.fontenelles.com\\\/#website\"},\"primaryImageOfPage\":{\"@id\":\"https:\\\/\\\/www.fontenelles.com\\\/en\\\/produit\\\/le-poete-fontenelles\\\/#primaryimage\"},\"image\":{\"@id\":\"https:\\\/\\\/www.fontenelles.com\\\/en\\\/produit\\\/le-poete-fontenelles\\\/#primaryimage\"},\"thumbnailUrl\":\"https:\\\/\\\/www.fontenelles.com\\\/wp-content\\\/uploads\\\/2022\\\/09\\\/Le_poete.png\",\"datePublished\":\"2022-08-29T09:25:23+00:00\",\"dateModified\":\"2022-10-10T07:32:47+00:00\",\"breadcrumb\":{\"@id\":\"https:\\\/\\\/www.fontenelles.com\\\/en\\\/produit\\\/le-poete-fontenelles\\\/#breadcrumb\"},\"inLanguage\":\"en-US\",\"potentialAction\":[{\"@type\":\"ReadAction\",\"target\":[\"https:\\\/\\\/www.fontenelles.com\\\/en\\\/produit\\\/le-poete-fontenelles\\\/\"]}]},{\"@type\":\"ImageObject\",\"inLanguage\":\"en-US\",\"@id\":\"https:\\\/\\\/www.fontenelles.com\\\/en\\\/produit\\\/le-poete-fontenelles\\\/#primaryimage\",\"url\":\"https:\\\/\\\/www.fontenelles.com\\\/wp-content\\\/uploads\\\/2022\\\/09\\\/Le_poete.png\",\"contentUrl\":\"https:\\\/\\\/www.fontenelles.com\\\/wp-content\\\/uploads\\\/2022\\\/09\\\/Le_poete.png\",\"width\":341,\"height\":1340},{\"@type\":\"BreadcrumbList\",\"@id\":\"https:\\\/\\\/www.fontenelles.com\\\/en\\\/produit\\\/le-poete-fontenelles\\\/#breadcrumb\",\"itemListElement\":[{\"@type\":\"ListItem\",\"position\":1,\"name\":\"Accueil\",\"item\":\"https:\\\/\\\/www.fontenelles.com\\\/en\\\/\"},{\"@type\":\"ListItem\",\"position\":2,\"name\":\"Boutique\",\"item\":\"https:\\\/\\\/www.fontenelles.com\\\/boutique\\\/\"},{\"@type\":\"ListItem\",\"position\":3,\"name\":\"Le po\u00e8te FONTENELLES\"}]},{\"@type\":\"WebSite\",\"@id\":\"https:\\\/\\\/www.fontenelles.com\\\/#website\",\"url\":\"https:\\\/\\\/www.fontenelles.com\\\/\",\"name\":\"Ch\u00e2teau de Fontenelles\",\"description\":\"Une terre d\u2019histoire pour de grands vins\",\"publisher\":{\"@id\":\"https:\\\/\\\/www.fontenelles.com\\\/#organization\"},\"potentialAction\":[{\"@type\":\"SearchAction\",\"target\":{\"@type\":\"EntryPoint\",\"urlTemplate\":\"https:\\\/\\\/www.fontenelles.com\\\/?s={search_term_string}\"},\"query-input\":{\"@type\":\"PropertyValueSpecification\",\"valueRequired\":true,\"valueName\":\"search_term_string\"}}],\"inLanguage\":\"en-US\"},{\"@type\":\"Organization\",\"@id\":\"https:\\\/\\\/www.fontenelles.com\\\/#organization\",\"name\":\"Ch\u00e2teau de Fontenelles\",\"url\":\"https:\\\/\\\/www.fontenelles.com\\\/\",\"logo\":{\"@type\":\"ImageObject\",\"inLanguage\":\"en-US\",\"@id\":\"https:\\\/\\\/www.fontenelles.com\\\/#\\\/schema\\\/logo\\\/image\\\/\",\"url\":\"https:\\\/\\\/fontenelles.resonancecommunication.com\\\/wp-content\\\/uploads\\\/2022\\\/08\\\/logo-chateau-fontenelle-noir.svg\",\"contentUrl\":\"https:\\\/\\\/fontenelles.resonancecommunication.com\\\/wp-content\\\/uploads\\\/2022\\\/08\\\/logo-chateau-fontenelle-noir.svg\",\"width\":112.944,\"height\":104.21,\"caption\":\"Ch\u00e2teau de Fontenelles\"},\"image\":{\"@id\":\"https:\\\/\\\/www.fontenelles.com\\\/#\\\/schema\\\/logo\\\/image\\\/\"}}]}<\/script>\n<!-- \/ Yoast SEO plugin. -->","yoast_head_json":{"title":"Le po\u00e8te FONTENELLES - Ch\u00e2teau de Fontenelles","robots":{"index":"index","follow":"follow","max-snippet":"max-snippet:-1","max-image-preview":"max-image-preview:large","max-video-preview":"max-video-preview:-1"},"canonical":"https:\/\/www.fontenelles.com\/en\/produit\/le-poete-fontenelles\/","og_locale":"en_US","og_type":"article","og_title":"Le po\u00e8te FONTENELLES - Ch\u00e2teau de Fontenelles","og_description":"Le Po\u00e8te Fontenelles Merlot 35%, Syrah 30%, Grenache 25% , Vieux Carignan 10% Vinification Vini\ufb01cation of Carignan grapes and partly Syrah in whole grains (carbonic maceration) . Partly cold pre-fermentation also for Syrah. Notes The poet has a shimmering gamet eye, bright and deep. The nose is expressive &#8211; very speci\ufb01c aromatic de\ufb01nitions combining complexity [&hellip;]","og_url":"https:\/\/www.fontenelles.com\/en\/produit\/le-poete-fontenelles\/","og_site_name":"Ch\u00e2teau de Fontenelles","article_modified_time":"2022-10-10T07:32:47+00:00","og_image":[{"width":341,"height":1340,"url":"https:\/\/www.fontenelles.com\/wp-content\/uploads\/2022\/09\/Le_poete.png","type":"image\/png"}],"twitter_card":"summary_large_image","twitter_misc":{"Est. reading time":"1 minute"},"schema":{"@context":"https:\/\/schema.org","@graph":[{"@type":"WebPage","@id":"https:\/\/www.fontenelles.com\/en\/produit\/le-poete-fontenelles\/","url":"https:\/\/www.fontenelles.com\/en\/produit\/le-poete-fontenelles\/","name":"Le po\u00e8te FONTENELLES - Ch\u00e2teau de Fontenelles","isPartOf":{"@id":"https:\/\/www.fontenelles.com\/#website"},"primaryImageOfPage":{"@id":"https:\/\/www.fontenelles.com\/en\/produit\/le-poete-fontenelles\/#primaryimage"},"image":{"@id":"https:\/\/www.fontenelles.com\/en\/produit\/le-poete-fontenelles\/#primaryimage"},"thumbnailUrl":"https:\/\/www.fontenelles.com\/wp-content\/uploads\/2022\/09\/Le_poete.png","datePublished":"2022-08-29T09:25:23+00:00","dateModified":"2022-10-10T07:32:47+00:00","breadcrumb":{"@id":"https:\/\/www.fontenelles.com\/en\/produit\/le-poete-fontenelles\/#breadcrumb"},"inLanguage":"en-US","potentialAction":[{"@type":"ReadAction","target":["https:\/\/www.fontenelles.com\/en\/produit\/le-poete-fontenelles\/"]}]},{"@type":"ImageObject","inLanguage":"en-US","@id":"https:\/\/www.fontenelles.com\/en\/produit\/le-poete-fontenelles\/#primaryimage","url":"https:\/\/www.fontenelles.com\/wp-content\/uploads\/2022\/09\/Le_poete.png","contentUrl":"https:\/\/www.fontenelles.com\/wp-content\/uploads\/2022\/09\/Le_poete.png","width":341,"height":1340},{"@type":"BreadcrumbList","@id":"https:\/\/www.fontenelles.com\/en\/produit\/le-poete-fontenelles\/#breadcrumb","itemListElement":[{"@type":"ListItem","position":1,"name":"Accueil","item":"https:\/\/www.fontenelles.com\/en\/"},{"@type":"ListItem","position":2,"name":"Boutique","item":"https:\/\/www.fontenelles.com\/boutique\/"},{"@type":"ListItem","position":3,"name":"Le po\u00e8te FONTENELLES"}]},{"@type":"WebSite","@id":"https:\/\/www.fontenelles.com\/#website","url":"https:\/\/www.fontenelles.com\/","name":"Ch\u00e2teau de Fontenelles","description":"Une terre d\u2019histoire pour de grands vins","publisher":{"@id":"https:\/\/www.fontenelles.com\/#organization"},"potentialAction":[{"@type":"SearchAction","target":{"@type":"EntryPoint","urlTemplate":"https:\/\/www.fontenelles.com\/?s={search_term_string}"},"query-input":{"@type":"PropertyValueSpecification","valueRequired":true,"valueName":"search_term_string"}}],"inLanguage":"en-US"},{"@type":"Organization","@id":"https:\/\/www.fontenelles.com\/#organization","name":"Ch\u00e2teau de Fontenelles","url":"https:\/\/www.fontenelles.com\/","logo":{"@type":"ImageObject","inLanguage":"en-US","@id":"https:\/\/www.fontenelles.com\/#\/schema\/logo\/image\/","url":"https:\/\/fontenelles.resonancecommunication.com\/wp-content\/uploads\/2022\/08\/logo-chateau-fontenelle-noir.svg","contentUrl":"https:\/\/fontenelles.resonancecommunication.com\/wp-content\/uploads\/2022\/08\/logo-chateau-fontenelle-noir.svg","width":112.944,"height":104.21,"caption":"Ch\u00e2teau de Fontenelles"},"image":{"@id":"https:\/\/www.fontenelles.com\/#\/schema\/logo\/image\/"}}]}},"_links":{"self":[{"href":"https:\/\/www.fontenelles.com\/en\/wp-json\/wp\/v2\/product\/1404","targetHints":{"allow":["GET"]}}],"collection":[{"href":"https:\/\/www.fontenelles.com\/en\/wp-json\/wp\/v2\/product"}],"about":[{"href":"https:\/\/www.fontenelles.com\/en\/wp-json\/wp\/v2\/types\/product"}],"replies":[{"embeddable":true,"href":"https:\/\/www.fontenelles.com\/en\/wp-json\/wp\/v2\/comments?post=1404"}],"version-history":[{"count":0,"href":"https:\/\/www.fontenelles.com\/en\/wp-json\/wp\/v2\/product\/1404\/revisions"}],"wp:featuredmedia":[{"embeddable":true,"href":"https:\/\/www.fontenelles.com\/en\/wp-json\/wp\/v2\/media\/1268"}],"wp:attachment":[{"href":"https:\/\/www.fontenelles.com\/en\/wp-json\/wp\/v2\/media?parent=1404"}],"wp:term":[{"taxonomy":"product_brand","embeddable":true,"href":"https:\/\/www.fontenelles.com\/en\/wp-json\/wp\/v2\/product_brand?post=1404"},{"taxonomy":"product_cat","embeddable":true,"href":"https:\/\/www.fontenelles.com\/en\/wp-json\/wp\/v2\/product_cat?post=1404"},{"taxonomy":"product_tag","embeddable":true,"href":"https:\/\/www.fontenelles.com\/en\/wp-json\/wp\/v2\/product_tag?post=1404"}],"curies":[{"name":"wp","href":"https:\/\/api.w.org\/{rel}","templated":true}]}}