{"id":1576,"date":"2022-10-28T14:56:33","date_gmt":"2022-10-28T12:56:33","guid":{"rendered":"https:\/\/www.fontenelles.com\/?post_type=product&#038;p=1576"},"modified":"2022-10-28T15:56:31","modified_gmt":"2022-10-28T13:56:31","slug":"elysee-fontenelles","status":"publish","type":"product","link":"https:\/\/www.fontenelles.com\/en\/produit\/elysee-fontenelles\/","title":{"rendered":"\u00c9lys\u00e9e FONTENELLES"},"content":{"rendered":"\t\t<div data-elementor-type=\"wp-post\" data-elementor-id=\"1576\" class=\"elementor elementor-1576\">\n\t\t\t\t\t\t<section class=\"elementor-section elementor-top-section elementor-element elementor-element-69aae1f9 elementor-section-boxed elementor-section-height-default elementor-section-height-default\" data-id=\"69aae1f9\" data-element_type=\"section\" data-e-type=\"section\" data-settings=\"{&quot;jet_parallax_layout_list&quot;:[]}\">\n\t\t\t\t\t\t<div class=\"elementor-container elementor-column-gap-default\">\n\t\t\t\t\t<div class=\"elementor-column elementor-col-100 elementor-top-column elementor-element elementor-element-4971dca0\" data-id=\"4971dca0\" data-element_type=\"column\" data-e-type=\"column\">\n\t\t\t<div class=\"elementor-widget-wrap elementor-element-populated\">\n\t\t\t\t\t\t<div class=\"elementor-element elementor-element-168db524 elementor-widget elementor-widget-spacer\" data-id=\"168db524\" data-element_type=\"widget\" data-e-type=\"widget\" data-widget_type=\"spacer.default\">\n\t\t\t\t<div class=\"elementor-widget-container\">\n\t\t\t\t\t\t\t<div class=\"elementor-spacer\">\n\t\t\t<div class=\"elementor-spacer-inner\"><\/div>\n\t\t<\/div>\n\t\t\t\t\t\t<\/div>\n\t\t\t\t<\/div>\n\t\t\t\t<div class=\"elementor-element elementor-element-4cfe64b elementor-widget elementor-widget-heading\" data-id=\"4cfe64b\" data-element_type=\"widget\" data-e-type=\"widget\" data-widget_type=\"heading.default\">\n\t\t\t\t<div class=\"elementor-widget-container\">\n\t\t\t\t\t<h2 class=\"elementor-heading-title elementor-size-default\">\u00c9lys\u00e9e<\/h2>\t\t\t\t<\/div>\n\t\t\t\t<\/div>\n\t\t\t\t<div class=\"elementor-element elementor-element-3dcb587 elementor-widget elementor-widget-heading\" data-id=\"3dcb587\" data-element_type=\"widget\" data-e-type=\"widget\" data-widget_type=\"heading.default\">\n\t\t\t\t<div class=\"elementor-widget-container\">\n\t\t\t\t\t<h3 class=\"elementor-heading-title elementor-size-default\">Fontenelles<\/h3>\t\t\t\t<\/div>\n\t\t\t\t<\/div>\n\t\t\t\t<div class=\"elementor-element elementor-element-8895690 elementor-widget elementor-widget-text-editor\" data-id=\"8895690\" data-element_type=\"widget\" data-e-type=\"widget\" data-widget_type=\"text-editor.default\">\n\t\t\t\t<div class=\"elementor-widget-container\">\n\t\t\t\t\t\t\t\t\t<p>Syrah 55%, Grenache noir 25%, Vieilles vignes Carignan Mourv\u00e8dre 20%<\/p>\t\t\t\t\t\t\t\t<\/div>\n\t\t\t\t<\/div>\n\t\t\t\t\t<\/div>\n\t\t<\/div>\n\t\t\t\t\t<\/div>\n\t\t<\/section>\n\t\t\t\t<section class=\"elementor-section elementor-top-section elementor-element elementor-element-10193f0 elementor-section-boxed elementor-section-height-default elementor-section-height-default\" data-id=\"10193f0\" data-element_type=\"section\" data-e-type=\"section\" data-settings=\"{&quot;jet_parallax_layout_list&quot;:[]}\">\n\t\t\t\t\t\t<div class=\"elementor-container elementor-column-gap-default\">\n\t\t\t\t\t<div class=\"elementor-column elementor-col-100 elementor-top-column elementor-element elementor-element-0511025\" data-id=\"0511025\" data-element_type=\"column\" data-e-type=\"column\">\n\t\t\t<div class=\"elementor-widget-wrap elementor-element-populated\">\n\t\t\t\t\t\t<section class=\"elementor-section elementor-inner-section elementor-element elementor-element-13c58c1 elementor-section-boxed elementor-section-height-default elementor-section-height-default\" data-id=\"13c58c1\" data-element_type=\"section\" data-e-type=\"section\" data-settings=\"{&quot;jet_parallax_layout_list&quot;:[]}\">\n\t\t\t\t\t\t<div class=\"elementor-container elementor-column-gap-default\">\n\t\t\t\t\t<div class=\"elementor-column elementor-col-100 elementor-inner-column elementor-element elementor-element-4d236c2\" data-id=\"4d236c2\" data-element_type=\"column\" data-e-type=\"column\">\n\t\t\t<div class=\"elementor-widget-wrap elementor-element-populated\">\n\t\t\t\t\t\t<div class=\"elementor-element elementor-element-d59cc31 elementor-widget elementor-widget-heading\" data-id=\"d59cc31\" data-element_type=\"widget\" data-e-type=\"widget\" data-widget_type=\"heading.default\">\n\t\t\t\t<div class=\"elementor-widget-container\">\n\t\t\t\t\t<h4 class=\"elementor-heading-title elementor-size-default\">Vinification<\/h4>\t\t\t\t<\/div>\n\t\t\t\t<\/div>\n\t\t\t\t<div class=\"elementor-element elementor-element-e59ec2f elementor-widget elementor-widget-text-editor\" data-id=\"e59ec2f\" data-element_type=\"widget\" data-e-type=\"widget\" data-widget_type=\"text-editor.default\">\n\t\t\t\t<div class=\"elementor-widget-container\">\n\t\t\t\t\t\t\t\t\t<p class=\"p1\"><i>Vinified in vats partly in whole grains (carbonic maceration) and partly by successive loyers of Syrah and Grenache. Elys\u00e9e matures for 6 months in French oak.<\/i><\/p>\t\t\t\t\t\t\t\t<\/div>\n\t\t\t\t<\/div>\n\t\t\t\t<div class=\"elementor-element elementor-element-9994195 elementor-widget elementor-widget-heading\" data-id=\"9994195\" data-element_type=\"widget\" data-e-type=\"widget\" data-widget_type=\"heading.default\">\n\t\t\t\t<div class=\"elementor-widget-container\">\n\t\t\t\t\t<h4 class=\"elementor-heading-title elementor-size-default\">Notes<\/h4>\t\t\t\t<\/div>\n\t\t\t\t<\/div>\n\t\t\t\t<div class=\"elementor-element elementor-element-f568e51 elementor-widget elementor-widget-text-editor\" data-id=\"f568e51\" data-element_type=\"widget\" data-e-type=\"widget\" data-widget_type=\"text-editor.default\">\n\t\t\t\t<div class=\"elementor-widget-container\">\n\t\t\t\t\t\t\t\t\t<p class=\"p1\"><i>With its intense garnet robe, the Elys\u00e9e vintage impresses with its expressive nose, combining cooked\u00a0 and dark fruit for a subtly wooded wine. A flawless structure confirmed by an elegant mouth, concentrated and harmonious, based on bright and velvetytannis.<\/i><\/p>\t\t\t\t\t\t\t\t<\/div>\n\t\t\t\t<\/div>\n\t\t\t\t<div class=\"elementor-element elementor-element-69fa560 elementor-widget elementor-widget-heading\" data-id=\"69fa560\" data-element_type=\"widget\" data-e-type=\"widget\" data-widget_type=\"heading.default\">\n\t\t\t\t<div class=\"elementor-widget-container\">\n\t\t\t\t\t<h4 class=\"elementor-heading-title elementor-size-default\">Accord<\/h4>\t\t\t\t<\/div>\n\t\t\t\t<\/div>\n\t\t\t\t<div class=\"elementor-element elementor-element-68c479e elementor-widget elementor-widget-text-editor\" data-id=\"68c479e\" data-element_type=\"widget\" data-e-type=\"widget\" data-widget_type=\"text-editor.default\">\n\t\t\t\t<div class=\"elementor-widget-container\">\n\t\t\t\t\t\t\t\t\t<p class=\"p1\"><i>The lively tannins of this vintage deliciously accompany barbecued or even beef tartar. Its aromatic concentration will also marvel as an accompaniment to duck or roast pigeon.<\/i><\/p>\t\t\t\t\t\t\t\t<\/div>\n\t\t\t\t<\/div>\n\t\t\t\t<div class=\"elementor-element elementor-element-897b211 elementor-widget elementor-widget-heading\" data-id=\"897b211\" data-element_type=\"widget\" data-e-type=\"widget\" data-widget_type=\"heading.default\">\n\t\t\t\t<div class=\"elementor-widget-container\">\n\t\t\t\t\t<h4 class=\"elementor-heading-title elementor-size-default\">Aromas<\/h4>\t\t\t\t<\/div>\n\t\t\t\t<\/div>\n\t\t\t\t<div class=\"elementor-element elementor-element-25cec78 elementor-widget elementor-widget-text-editor\" data-id=\"25cec78\" data-element_type=\"widget\" data-e-type=\"widget\" data-widget_type=\"text-editor.default\">\n\t\t\t\t<div class=\"elementor-widget-container\">\n\t\t\t\t\t\t\t\t\t<p>Full-bodied<\/p>\t\t\t\t\t\t\t\t<\/div>\n\t\t\t\t<\/div>\n\t\t\t\t<div class=\"elementor-element elementor-element-34993b3 elementor-widget elementor-widget-progress\" data-id=\"34993b3\" data-element_type=\"widget\" data-e-type=\"widget\" data-widget_type=\"progress.default\">\n\t\t\t\t<div class=\"elementor-widget-container\">\n\t\t\t\t\t\t\t\t<span class=\"elementor-title\" id=\"elementor-progress-bar-34993b3\">\n\t\t\t\tSlight\t\t\t<\/span>\n\t\t\n\t\t<div aria-labelledby=\"elementor-progress-bar-34993b3\" class=\"elementor-progress-wrapper\" role=\"progressbar\" aria-valuemin=\"0\" aria-valuemax=\"100\" aria-valuenow=\"69\">\n\t\t\t<div class=\"elementor-progress-bar\" data-max=\"69\">\n\t\t\t\t<span class=\"elementor-progress-text\"><\/span>\n\t\t\t\t\t\t\t<\/div>\n\t\t<\/div>\n\t\t\t\t\t\t<\/div>\n\t\t\t\t<\/div>\n\t\t\t\t<div class=\"elementor-element elementor-element-5afab09 elementor-widget elementor-widget-text-editor\" data-id=\"5afab09\" data-element_type=\"widget\" data-e-type=\"widget\" data-widget_type=\"text-editor.default\">\n\t\t\t\t<div class=\"elementor-widget-container\">\n\t\t\t\t\t\t\t\t\t<p>Spicy<\/p>\t\t\t\t\t\t\t\t<\/div>\n\t\t\t\t<\/div>\n\t\t\t\t<div class=\"elementor-element elementor-element-921a45f elementor-widget elementor-widget-progress\" data-id=\"921a45f\" data-element_type=\"widget\" data-e-type=\"widget\" data-widget_type=\"progress.default\">\n\t\t\t\t<div class=\"elementor-widget-container\">\n\t\t\t\t\t\t\t\t<span class=\"elementor-title\" id=\"elementor-progress-bar-921a45f\">\n\t\t\t\tFruity\t\t\t<\/span>\n\t\t\n\t\t<div aria-labelledby=\"elementor-progress-bar-921a45f\" class=\"elementor-progress-wrapper\" role=\"progressbar\" aria-valuemin=\"0\" aria-valuemax=\"100\" aria-valuenow=\"66\">\n\t\t\t<div class=\"elementor-progress-bar\" data-max=\"66\">\n\t\t\t\t<span class=\"elementor-progress-text\"><\/span>\n\t\t\t\t\t\t\t<\/div>\n\t\t<\/div>\n\t\t\t\t\t\t<\/div>\n\t\t\t\t<\/div>\n\t\t\t\t<div class=\"elementor-element elementor-element-9ee4aaa elementor-widget elementor-widget-text-editor\" data-id=\"9ee4aaa\" data-element_type=\"widget\" data-e-type=\"widget\" data-widget_type=\"text-editor.default\">\n\t\t\t\t<div class=\"elementor-widget-container\">\n\t\t\t\t\t\t\t\t\t<p>Tannic<\/p>\t\t\t\t\t\t\t\t<\/div>\n\t\t\t\t<\/div>\n\t\t\t\t<div class=\"elementor-element elementor-element-d11fbdb elementor-widget elementor-widget-progress\" data-id=\"d11fbdb\" data-element_type=\"widget\" data-e-type=\"widget\" data-widget_type=\"progress.default\">\n\t\t\t\t<div class=\"elementor-widget-container\">\n\t\t\t\t\t\t\t\t<span class=\"elementor-title\" id=\"elementor-progress-bar-d11fbdb\">\n\t\t\t\tFlexible\t\t\t<\/span>\n\t\t\n\t\t<div aria-labelledby=\"elementor-progress-bar-d11fbdb\" class=\"elementor-progress-wrapper\" role=\"progressbar\" aria-valuemin=\"0\" aria-valuemax=\"100\" aria-valuenow=\"66\">\n\t\t\t<div class=\"elementor-progress-bar\" data-max=\"66\">\n\t\t\t\t<span class=\"elementor-progress-text\"><\/span>\n\t\t\t\t\t\t\t<\/div>\n\t\t<\/div>\n\t\t\t\t\t\t<\/div>\n\t\t\t\t<\/div>\n\t\t\t\t\t<\/div>\n\t\t<\/div>\n\t\t\t\t\t<\/div>\n\t\t<\/section>\n\t\t\t\t\t<\/div>\n\t\t<\/div>\n\t\t\t\t\t<\/div>\n\t\t<\/section>\n\t\t\t\t<\/div>\n\t\t","protected":false},"excerpt":{"rendered":"<p>\u00c9lys\u00e9e Fontenelles Syrah 55%, Grenache noir 25%, Vieilles vignes Carignan Mourv\u00e8dre 20% Vinification Vinified in vats partly in whole grains (carbonic maceration) and partly by successive loyers of Syrah and Grenache. Elys\u00e9e matures for 6 months in French oak. Notes With its intense garnet robe, the Elys\u00e9e vintage impresses with its expressive nose, combining cooked\u00a0 [&hellip;]<\/p>\n","protected":false},"featured_media":1796,"comment_status":"open","ping_status":"closed","template":"","meta":{"_acf_changed":false},"product_brand":[],"product_cat":[18],"product_tag":[],"class_list":{"0":"post-1576","1":"product","2":"type-product","3":"status-publish","4":"has-post-thumbnail","6":"product_cat-non-classe","8":"first","9":"instock","10":"shipping-taxable","11":"purchasable","12":"product-type-simple"},"acf":[],"yoast_head":"<!-- This site is optimized with the Yoast SEO plugin v27.4 - https:\/\/yoast.com\/product\/yoast-seo-wordpress\/ -->\n<title>\u00c9lys\u00e9e FONTENELLES - Ch\u00e2teau de Fontenelles<\/title>\n<meta name=\"robots\" content=\"index, follow, max-snippet:-1, max-image-preview:large, max-video-preview:-1\" \/>\n<link rel=\"canonical\" href=\"https:\/\/www.fontenelles.com\/en\/produit\/elysee-fontenelles\/\" \/>\n<meta property=\"og:locale\" content=\"en_US\" \/>\n<meta property=\"og:type\" content=\"article\" \/>\n<meta property=\"og:title\" content=\"\u00c9lys\u00e9e FONTENELLES - Ch\u00e2teau de Fontenelles\" \/>\n<meta property=\"og:description\" content=\"\u00c9lys\u00e9e Fontenelles Syrah 55%, Grenache noir 25%, Vieilles vignes Carignan Mourv\u00e8dre 20% Vinification Vinified in vats partly in whole grains (carbonic maceration) and partly by successive loyers of Syrah and Grenache. Elys\u00e9e matures for 6 months in French oak. Notes With its intense garnet robe, the Elys\u00e9e vintage impresses with its expressive nose, combining cooked\u00a0 [&hellip;]\" \/>\n<meta property=\"og:url\" content=\"https:\/\/www.fontenelles.com\/en\/produit\/elysee-fontenelles\/\" \/>\n<meta property=\"og:site_name\" content=\"Ch\u00e2teau de Fontenelles\" \/>\n<meta property=\"article:modified_time\" content=\"2022-10-28T13:56:31+00:00\" \/>\n<meta property=\"og:image\" content=\"https:\/\/www.fontenelles.com\/wp-content\/uploads\/2022\/08\/bouteille_miroir_moural.jpg\" \/>\n\t<meta property=\"og:image:width\" content=\"205\" \/>\n\t<meta property=\"og:image:height\" content=\"806\" \/>\n\t<meta property=\"og:image:type\" content=\"image\/jpeg\" \/>\n<meta name=\"twitter:card\" content=\"summary_large_image\" \/>\n<meta name=\"twitter:label1\" content=\"Est. reading time\" \/>\n\t<meta name=\"twitter:data1\" content=\"1 minute\" \/>\n<script type=\"application\/ld+json\" class=\"yoast-schema-graph\">{\"@context\":\"https:\\\/\\\/schema.org\",\"@graph\":[{\"@type\":\"WebPage\",\"@id\":\"https:\\\/\\\/www.fontenelles.com\\\/en\\\/produit\\\/elysee-fontenelles\\\/\",\"url\":\"https:\\\/\\\/www.fontenelles.com\\\/en\\\/produit\\\/elysee-fontenelles\\\/\",\"name\":\"\u00c9lys\u00e9e FONTENELLES - Ch\u00e2teau de Fontenelles\",\"isPartOf\":{\"@id\":\"https:\\\/\\\/www.fontenelles.com\\\/#website\"},\"primaryImageOfPage\":{\"@id\":\"https:\\\/\\\/www.fontenelles.com\\\/en\\\/produit\\\/elysee-fontenelles\\\/#primaryimage\"},\"image\":{\"@id\":\"https:\\\/\\\/www.fontenelles.com\\\/en\\\/produit\\\/elysee-fontenelles\\\/#primaryimage\"},\"thumbnailUrl\":\"https:\\\/\\\/www.fontenelles.com\\\/wp-content\\\/uploads\\\/2022\\\/10\\\/bouteille_elysee.png\",\"datePublished\":\"2022-10-28T12:56:33+00:00\",\"dateModified\":\"2022-10-28T13:56:31+00:00\",\"breadcrumb\":{\"@id\":\"https:\\\/\\\/www.fontenelles.com\\\/en\\\/produit\\\/elysee-fontenelles\\\/#breadcrumb\"},\"inLanguage\":\"en-US\",\"potentialAction\":[{\"@type\":\"ReadAction\",\"target\":[\"https:\\\/\\\/www.fontenelles.com\\\/en\\\/produit\\\/elysee-fontenelles\\\/\"]}]},{\"@type\":\"ImageObject\",\"inLanguage\":\"en-US\",\"@id\":\"https:\\\/\\\/www.fontenelles.com\\\/en\\\/produit\\\/elysee-fontenelles\\\/#primaryimage\",\"url\":\"https:\\\/\\\/www.fontenelles.com\\\/wp-content\\\/uploads\\\/2022\\\/10\\\/bouteille_elysee.png\",\"contentUrl\":\"https:\\\/\\\/www.fontenelles.com\\\/wp-content\\\/uploads\\\/2022\\\/10\\\/bouteille_elysee.png\",\"width\":341,\"height\":1340},{\"@type\":\"BreadcrumbList\",\"@id\":\"https:\\\/\\\/www.fontenelles.com\\\/en\\\/produit\\\/elysee-fontenelles\\\/#breadcrumb\",\"itemListElement\":[{\"@type\":\"ListItem\",\"position\":1,\"name\":\"Accueil\",\"item\":\"https:\\\/\\\/www.fontenelles.com\\\/en\\\/\"},{\"@type\":\"ListItem\",\"position\":2,\"name\":\"Boutique\",\"item\":\"https:\\\/\\\/www.fontenelles.com\\\/boutique\\\/\"},{\"@type\":\"ListItem\",\"position\":3,\"name\":\"\u00c9lys\u00e9e FONTENELLES\"}]},{\"@type\":\"WebSite\",\"@id\":\"https:\\\/\\\/www.fontenelles.com\\\/#website\",\"url\":\"https:\\\/\\\/www.fontenelles.com\\\/\",\"name\":\"Ch\u00e2teau de Fontenelles\",\"description\":\"Une terre d\u2019histoire pour de grands vins\",\"publisher\":{\"@id\":\"https:\\\/\\\/www.fontenelles.com\\\/#organization\"},\"potentialAction\":[{\"@type\":\"SearchAction\",\"target\":{\"@type\":\"EntryPoint\",\"urlTemplate\":\"https:\\\/\\\/www.fontenelles.com\\\/?s={search_term_string}\"},\"query-input\":{\"@type\":\"PropertyValueSpecification\",\"valueRequired\":true,\"valueName\":\"search_term_string\"}}],\"inLanguage\":\"en-US\"},{\"@type\":\"Organization\",\"@id\":\"https:\\\/\\\/www.fontenelles.com\\\/#organization\",\"name\":\"Ch\u00e2teau de Fontenelles\",\"url\":\"https:\\\/\\\/www.fontenelles.com\\\/\",\"logo\":{\"@type\":\"ImageObject\",\"inLanguage\":\"en-US\",\"@id\":\"https:\\\/\\\/www.fontenelles.com\\\/#\\\/schema\\\/logo\\\/image\\\/\",\"url\":\"https:\\\/\\\/fontenelles.resonancecommunication.com\\\/wp-content\\\/uploads\\\/2022\\\/08\\\/logo-chateau-fontenelle-noir.svg\",\"contentUrl\":\"https:\\\/\\\/fontenelles.resonancecommunication.com\\\/wp-content\\\/uploads\\\/2022\\\/08\\\/logo-chateau-fontenelle-noir.svg\",\"width\":112.944,\"height\":104.21,\"caption\":\"Ch\u00e2teau de Fontenelles\"},\"image\":{\"@id\":\"https:\\\/\\\/www.fontenelles.com\\\/#\\\/schema\\\/logo\\\/image\\\/\"}}]}<\/script>\n<!-- \/ Yoast SEO plugin. -->","yoast_head_json":{"title":"\u00c9lys\u00e9e FONTENELLES - Ch\u00e2teau de Fontenelles","robots":{"index":"index","follow":"follow","max-snippet":"max-snippet:-1","max-image-preview":"max-image-preview:large","max-video-preview":"max-video-preview:-1"},"canonical":"https:\/\/www.fontenelles.com\/en\/produit\/elysee-fontenelles\/","og_locale":"en_US","og_type":"article","og_title":"\u00c9lys\u00e9e FONTENELLES - Ch\u00e2teau de Fontenelles","og_description":"\u00c9lys\u00e9e Fontenelles Syrah 55%, Grenache noir 25%, Vieilles vignes Carignan Mourv\u00e8dre 20% Vinification Vinified in vats partly in whole grains (carbonic maceration) and partly by successive loyers of Syrah and Grenache. Elys\u00e9e matures for 6 months in French oak. Notes With its intense garnet robe, the Elys\u00e9e vintage impresses with its expressive nose, combining cooked\u00a0 [&hellip;]","og_url":"https:\/\/www.fontenelles.com\/en\/produit\/elysee-fontenelles\/","og_site_name":"Ch\u00e2teau de Fontenelles","article_modified_time":"2022-10-28T13:56:31+00:00","og_image":[{"width":205,"height":806,"url":"https:\/\/www.fontenelles.com\/wp-content\/uploads\/2022\/08\/bouteille_miroir_moural.jpg","type":"image\/jpeg"}],"twitter_card":"summary_large_image","twitter_misc":{"Est. reading time":"1 minute"},"schema":{"@context":"https:\/\/schema.org","@graph":[{"@type":"WebPage","@id":"https:\/\/www.fontenelles.com\/en\/produit\/elysee-fontenelles\/","url":"https:\/\/www.fontenelles.com\/en\/produit\/elysee-fontenelles\/","name":"\u00c9lys\u00e9e FONTENELLES - Ch\u00e2teau de Fontenelles","isPartOf":{"@id":"https:\/\/www.fontenelles.com\/#website"},"primaryImageOfPage":{"@id":"https:\/\/www.fontenelles.com\/en\/produit\/elysee-fontenelles\/#primaryimage"},"image":{"@id":"https:\/\/www.fontenelles.com\/en\/produit\/elysee-fontenelles\/#primaryimage"},"thumbnailUrl":"https:\/\/www.fontenelles.com\/wp-content\/uploads\/2022\/10\/bouteille_elysee.png","datePublished":"2022-10-28T12:56:33+00:00","dateModified":"2022-10-28T13:56:31+00:00","breadcrumb":{"@id":"https:\/\/www.fontenelles.com\/en\/produit\/elysee-fontenelles\/#breadcrumb"},"inLanguage":"en-US","potentialAction":[{"@type":"ReadAction","target":["https:\/\/www.fontenelles.com\/en\/produit\/elysee-fontenelles\/"]}]},{"@type":"ImageObject","inLanguage":"en-US","@id":"https:\/\/www.fontenelles.com\/en\/produit\/elysee-fontenelles\/#primaryimage","url":"https:\/\/www.fontenelles.com\/wp-content\/uploads\/2022\/10\/bouteille_elysee.png","contentUrl":"https:\/\/www.fontenelles.com\/wp-content\/uploads\/2022\/10\/bouteille_elysee.png","width":341,"height":1340},{"@type":"BreadcrumbList","@id":"https:\/\/www.fontenelles.com\/en\/produit\/elysee-fontenelles\/#breadcrumb","itemListElement":[{"@type":"ListItem","position":1,"name":"Accueil","item":"https:\/\/www.fontenelles.com\/en\/"},{"@type":"ListItem","position":2,"name":"Boutique","item":"https:\/\/www.fontenelles.com\/boutique\/"},{"@type":"ListItem","position":3,"name":"\u00c9lys\u00e9e FONTENELLES"}]},{"@type":"WebSite","@id":"https:\/\/www.fontenelles.com\/#website","url":"https:\/\/www.fontenelles.com\/","name":"Ch\u00e2teau de Fontenelles","description":"Une terre d\u2019histoire pour de grands vins","publisher":{"@id":"https:\/\/www.fontenelles.com\/#organization"},"potentialAction":[{"@type":"SearchAction","target":{"@type":"EntryPoint","urlTemplate":"https:\/\/www.fontenelles.com\/?s={search_term_string}"},"query-input":{"@type":"PropertyValueSpecification","valueRequired":true,"valueName":"search_term_string"}}],"inLanguage":"en-US"},{"@type":"Organization","@id":"https:\/\/www.fontenelles.com\/#organization","name":"Ch\u00e2teau de Fontenelles","url":"https:\/\/www.fontenelles.com\/","logo":{"@type":"ImageObject","inLanguage":"en-US","@id":"https:\/\/www.fontenelles.com\/#\/schema\/logo\/image\/","url":"https:\/\/fontenelles.resonancecommunication.com\/wp-content\/uploads\/2022\/08\/logo-chateau-fontenelle-noir.svg","contentUrl":"https:\/\/fontenelles.resonancecommunication.com\/wp-content\/uploads\/2022\/08\/logo-chateau-fontenelle-noir.svg","width":112.944,"height":104.21,"caption":"Ch\u00e2teau de Fontenelles"},"image":{"@id":"https:\/\/www.fontenelles.com\/#\/schema\/logo\/image\/"}}]}},"_links":{"self":[{"href":"https:\/\/www.fontenelles.com\/en\/wp-json\/wp\/v2\/product\/1576","targetHints":{"allow":["GET"]}}],"collection":[{"href":"https:\/\/www.fontenelles.com\/en\/wp-json\/wp\/v2\/product"}],"about":[{"href":"https:\/\/www.fontenelles.com\/en\/wp-json\/wp\/v2\/types\/product"}],"replies":[{"embeddable":true,"href":"https:\/\/www.fontenelles.com\/en\/wp-json\/wp\/v2\/comments?post=1576"}],"version-history":[{"count":2,"href":"https:\/\/www.fontenelles.com\/en\/wp-json\/wp\/v2\/product\/1576\/revisions"}],"predecessor-version":[{"id":1582,"href":"https:\/\/www.fontenelles.com\/en\/wp-json\/wp\/v2\/product\/1576\/revisions\/1582"}],"wp:featuredmedia":[{"embeddable":true,"href":"https:\/\/www.fontenelles.com\/en\/wp-json\/wp\/v2\/media\/1796"}],"wp:attachment":[{"href":"https:\/\/www.fontenelles.com\/en\/wp-json\/wp\/v2\/media?parent=1576"}],"wp:term":[{"taxonomy":"product_brand","embeddable":true,"href":"https:\/\/www.fontenelles.com\/en\/wp-json\/wp\/v2\/product_brand?post=1576"},{"taxonomy":"product_cat","embeddable":true,"href":"https:\/\/www.fontenelles.com\/en\/wp-json\/wp\/v2\/product_cat?post=1576"},{"taxonomy":"product_tag","embeddable":true,"href":"https:\/\/www.fontenelles.com\/en\/wp-json\/wp\/v2\/product_tag?post=1576"}],"curies":[{"name":"wp","href":"https:\/\/api.w.org\/{rel}","templated":true}]}}